{"id":1950,"date":"2017-07-17T14:15:18","date_gmt":"2017-07-17T14:15:18","guid":{"rendered":"https:\/\/certified-senders.eu\/?page_id=1950\/"},"modified":"2020-10-28T09:45:03","modified_gmt":"2020-10-28T09:45:03","slug":"beschwerde-einreichen","status":"publish","type":"page","link":"https:\/\/certified-senders.org\/de\/beschwerde-einreichen\/","title":{"rendered":"Beschwerde einreichen"},"content":{"rendered":"<div id=\"pl-1950\"  class=\"panel-layout\" ><div id=\"pg-1950-0\"  class=\"panel-grid panel-has-style\" ><div class=\"panel-row-style panel-row-style-for-1950-0\" ><div id=\"pgc-1950-0-0\"  class=\"panel-grid-cell\" ><div id=\"panel-1950-0-0-0\" class=\"so-panel widget widget_sow-editor panel-first-child panel-last-child\" data-index=\"0\" ><div\n\t\t\t\n\t\t\tclass=\"so-widget-sow-editor so-widget-sow-editor-base\"\n\t\t\t\n\t\t>\n<div class=\"siteorigin-widget-tinymce textwidget\">\n\t<h3>Haben Sie unerw\u00fcnschte E-Mails von einem CSA zertifizierten Versender erhalten?<\/h3>\n<p>Bitte teilen Sie uns dies unter Beif\u00fcgung der E-Mail samt vollst\u00e4ndigem Header per E-Mail an <a href=\"mailto:csa-complaints@eco.de\">csa-complaints@eco.de<\/a> mit.<\/p>\n<p>Um den technischen Sender und den genauen Ursprung der E-Mail zu identifizieren, ben\u00f6tigen wir den vollst\u00e4ndigen E-Mail Header. Den Inhalt der E-Mail selbst nutzen wir f\u00fcr eine rechtliche Pr\u00fcfung des Inhaltes.<br \/>\nWeitere Informationen \u00fcber E-Mail Header und wie Sie diese abrufen k\u00f6nnen finden Sie <a href=\"http:\/\/whatismyipaddress.com\/email-header\">hier<\/a>.<\/p>\n<p>Wenn Sie weitere Informationen \u00fcber unser Verfahren erhalten m\u00f6chten, empfehlen wir die <a href=\"https:\/\/certified-senders.org\/wp-content\/uploads\/2017\/07\/CSA_Verfahrensordnung.pdf\" target=\"_blank\" rel=\"noopener noreferrer\">Verfahrensordnung<\/a>.<\/p>\n<p>&nbsp;<\/p>\n<p>Sollten Sie andere Fragen oder Kommentare haben, k\u00f6nnen Sie gern das Kontaktformular auf der Startseite verwenden.<\/p>\n<\/div>\n<\/div><\/div><\/div><\/div><\/div><\/div>","protected":false},"excerpt":{"rendered":"<p>Haben Sie unerw\u00fcnschte E-Mails von einem CSA zertifizierten Versender erhalten? Bitte teilen Sie uns dies unter Beif\u00fcgung der E-Mail samt vollst\u00e4ndigem Header per E-Mail an [&hellip;]<\/p>\n","protected":false},"author":4,"featured_media":0,"parent":0,"menu_order":0,"comment_status":"closed","ping_status":"closed","template":"","meta":{"footnotes":""},"yoast_head":"<!-- This site is optimized with the Yoast SEO plugin v23.0 - https:\/\/yoast.com\/wordpress\/plugins\/seo\/ -->\n<title>Beschwerde einreichen - Certified Senders Alliance<\/title>\n<meta name=\"robots\" content=\"index, follow, max-snippet:-1, max-image-preview:large, max-video-preview:-1\" \/>\n<link rel=\"canonical\" href=\"https:\/\/certified-senders.org\/de\/beschwerde-einreichen\/\" \/>\n<meta property=\"og:locale\" content=\"de_DE\" \/>\n<meta property=\"og:type\" content=\"article\" \/>\n<meta property=\"og:title\" content=\"Beschwerde einreichen - Certified Senders Alliance\" \/>\n<meta property=\"og:description\" content=\"Haben Sie unerw\u00fcnschte E-Mails von einem CSA zertifizierten Versender erhalten? Bitte teilen Sie uns dies unter Beif\u00fcgung der E-Mail samt vollst\u00e4ndigem Header per E-Mail an [&hellip;]\" \/>\n<meta property=\"og:url\" content=\"https:\/\/certified-senders.org\/de\/beschwerde-einreichen\/\" \/>\n<meta property=\"og:site_name\" content=\"Certified Senders Alliance\" \/>\n<meta property=\"article:modified_time\" content=\"2020-10-28T09:45:03+00:00\" \/>\n<meta name=\"twitter:card\" content=\"summary_large_image\" \/>\n<meta name=\"twitter:label1\" content=\"Gesch\u00e4tzte Lesezeit\" \/>\n\t<meta name=\"twitter:data1\" content=\"1\u00a0Minute\" \/>\n<script type=\"application\/ld+json\" class=\"yoast-schema-graph\">{\"@context\":\"https:\/\/schema.org\",\"@graph\":[{\"@type\":\"WebPage\",\"@id\":\"https:\/\/certified-senders.org\/de\/beschwerde-einreichen\/\",\"url\":\"https:\/\/certified-senders.org\/de\/beschwerde-einreichen\/\",\"name\":\"Beschwerde einreichen - Certified Senders Alliance\",\"isPartOf\":{\"@id\":\"https:\/\/certified-senders.org\/de\/#website\"},\"datePublished\":\"2017-07-17T14:15:18+00:00\",\"dateModified\":\"2020-10-28T09:45:03+00:00\",\"breadcrumb\":{\"@id\":\"https:\/\/certified-senders.org\/de\/beschwerde-einreichen\/#breadcrumb\"},\"inLanguage\":\"de\",\"potentialAction\":[{\"@type\":\"ReadAction\",\"target\":[\"https:\/\/certified-senders.org\/de\/beschwerde-einreichen\/\"]}]},{\"@type\":\"BreadcrumbList\",\"@id\":\"https:\/\/certified-senders.org\/de\/beschwerde-einreichen\/#breadcrumb\",\"itemListElement\":[{\"@type\":\"ListItem\",\"position\":1,\"name\":\"Home\",\"item\":\"https:\/\/certified-senders.org\/de\/\"},{\"@type\":\"ListItem\",\"position\":2,\"name\":\"Beschwerde einreichen\"}]},{\"@type\":\"WebSite\",\"@id\":\"https:\/\/certified-senders.org\/de\/#website\",\"url\":\"https:\/\/certified-senders.org\/de\/\",\"name\":\"Certified Senders Alliance\",\"description\":\"Certified Senders Alliance\",\"potentialAction\":[{\"@type\":\"SearchAction\",\"target\":{\"@type\":\"EntryPoint\",\"urlTemplate\":\"https:\/\/certified-senders.org\/de\/?s={search_term_string}\"},\"query-input\":\"required name=search_term_string\"}],\"inLanguage\":\"de\"}]}<\/script>\n<!-- \/ Yoast SEO plugin. -->","yoast_head_json":{"title":"Beschwerde einreichen - Certified Senders Alliance","robots":{"index":"index","follow":"follow","max-snippet":"max-snippet:-1","max-image-preview":"max-image-preview:large","max-video-preview":"max-video-preview:-1"},"canonical":"https:\/\/certified-senders.org\/de\/beschwerde-einreichen\/","og_locale":"de_DE","og_type":"article","og_title":"Beschwerde einreichen - Certified Senders Alliance","og_description":"Haben Sie unerw\u00fcnschte E-Mails von einem CSA zertifizierten Versender erhalten? Bitte teilen Sie uns dies unter Beif\u00fcgung der E-Mail samt vollst\u00e4ndigem Header per E-Mail an [&hellip;]","og_url":"https:\/\/certified-senders.org\/de\/beschwerde-einreichen\/","og_site_name":"Certified Senders Alliance","article_modified_time":"2020-10-28T09:45:03+00:00","twitter_card":"summary_large_image","twitter_misc":{"Gesch\u00e4tzte Lesezeit":"1\u00a0Minute"},"schema":{"@context":"https:\/\/schema.org","@graph":[{"@type":"WebPage","@id":"https:\/\/certified-senders.org\/de\/beschwerde-einreichen\/","url":"https:\/\/certified-senders.org\/de\/beschwerde-einreichen\/","name":"Beschwerde einreichen - Certified Senders Alliance","isPartOf":{"@id":"https:\/\/certified-senders.org\/de\/#website"},"datePublished":"2017-07-17T14:15:18+00:00","dateModified":"2020-10-28T09:45:03+00:00","breadcrumb":{"@id":"https:\/\/certified-senders.org\/de\/beschwerde-einreichen\/#breadcrumb"},"inLanguage":"de","potentialAction":[{"@type":"ReadAction","target":["https:\/\/certified-senders.org\/de\/beschwerde-einreichen\/"]}]},{"@type":"BreadcrumbList","@id":"https:\/\/certified-senders.org\/de\/beschwerde-einreichen\/#breadcrumb","itemListElement":[{"@type":"ListItem","position":1,"name":"Home","item":"https:\/\/certified-senders.org\/de\/"},{"@type":"ListItem","position":2,"name":"Beschwerde einreichen"}]},{"@type":"WebSite","@id":"https:\/\/certified-senders.org\/de\/#website","url":"https:\/\/certified-senders.org\/de\/","name":"Certified Senders Alliance","description":"Certified Senders Alliance","potentialAction":[{"@type":"SearchAction","target":{"@type":"EntryPoint","urlTemplate":"https:\/\/certified-senders.org\/de\/?s={search_term_string}"},"query-input":"required name=search_term_string"}],"inLanguage":"de"}]}},"_links":{"self":[{"href":"https:\/\/certified-senders.org\/de\/wp-json\/wp\/v2\/pages\/1950"}],"collection":[{"href":"https:\/\/certified-senders.org\/de\/wp-json\/wp\/v2\/pages"}],"about":[{"href":"https:\/\/certified-senders.org\/de\/wp-json\/wp\/v2\/types\/page"}],"author":[{"embeddable":true,"href":"https:\/\/certified-senders.org\/de\/wp-json\/wp\/v2\/users\/4"}],"replies":[{"embeddable":true,"href":"https:\/\/certified-senders.org\/de\/wp-json\/wp\/v2\/comments?post=1950"}],"version-history":[{"count":13,"href":"https:\/\/certified-senders.org\/de\/wp-json\/wp\/v2\/pages\/1950\/revisions"}],"predecessor-version":[{"id":5816,"href":"https:\/\/certified-senders.org\/de\/wp-json\/wp\/v2\/pages\/1950\/revisions\/5816"}],"wp:attachment":[{"href":"https:\/\/certified-senders.org\/de\/wp-json\/wp\/v2\/media?parent=1950"}],"curies":[{"name":"wp","href":"https:\/\/api.w.org\/{rel}","templated":true}]}}