{"id":5613,"date":"2020-08-26T22:35:08","date_gmt":"2020-08-26T22:35:08","guid":{"rendered":"https:\/\/certified-senders.org\/?page_id=5613"},"modified":"2020-08-27T07:30:30","modified_gmt":"2020-08-27T07:30:30","slug":"workshops","status":"publish","type":"page","link":"https:\/\/certified-senders.org\/de\/workshops\/","title":{"rendered":"CSA Workshops"},"content":{"rendered":"<div id=\"pl-5613\"  class=\"panel-layout\" ><div id=\"pg-5613-0\"  class=\"panel-grid panel-no-style\" ><div id=\"pgc-5613-0-0\"  class=\"panel-grid-cell\" ><div id=\"panel-5613-0-0-0\" class=\"so-panel widget widget_media_image panel-first-child panel-last-child\" data-index=\"0\" ><img loading=\"lazy\" decoding=\"async\" width=\"1195\" height=\"485\" src=\"https:\/\/certified-senders.org\/wp-content\/uploads\/2020\/08\/WS_Verteiler_Header.jpg\" class=\"image wp-image-5672  attachment-full size-full\" alt=\"\" style=\"max-width: 100%; height: auto;\" srcset=\"https:\/\/certified-senders.org\/wp-content\/uploads\/2020\/08\/WS_Verteiler_Header.jpg 1195w, https:\/\/certified-senders.org\/wp-content\/uploads\/2020\/08\/WS_Verteiler_Header-300x122.jpg 300w, https:\/\/certified-senders.org\/wp-content\/uploads\/2020\/08\/WS_Verteiler_Header-1024x416.jpg 1024w, https:\/\/certified-senders.org\/wp-content\/uploads\/2020\/08\/WS_Verteiler_Header-768x312.jpg 768w\" sizes=\"(max-width: 1195px) 100vw, 1195px\" \/><\/div><\/div><\/div><div id=\"pg-5613-1\"  class=\"panel-grid panel-no-style\" ><div id=\"pgc-5613-1-0\"  class=\"panel-grid-cell\" ><div id=\"panel-5613-1-0-0\" class=\"so-panel widget widget_sow-editor panel-first-child panel-last-child\" data-index=\"1\" ><div\n\t\t\t\n\t\t\tclass=\"so-widget-sow-editor so-widget-sow-editor-base\"\n\t\t\t\n\t\t>\n<div class=\"siteorigin-widget-tinymce textwidget\">\n\t<div style=\"text-align: center;\">Mit den CSA-Workshops profitiert Ihr Unternehmen von der langj\u00e4hrigen Erfahrung der Certified Senders Alliance (CSA) als Qualit\u00e4tsgarant f\u00fcr h\u00f6chste technische und rechtliche Standards im E-Mail-Marketing. Unsere Experten schulen Sie in einer Optimierung Ihres Zustellbarkeitsmanagements sowie den rechtlichen Rahmenbedingungen f\u00fcr rechtssichere und effektive E-Mail-Kampagnen.<\/div>\n<\/div>\n<\/div><\/div><\/div><\/div><div id=\"pg-5613-2\"  class=\"panel-grid panel-no-style\" ><div id=\"pgc-5613-2-0\"  class=\"panel-grid-cell\" ><div id=\"panel-5613-2-0-0\" class=\"so-panel widget widget_sow-headline panel-first-child\" data-index=\"2\" ><div\n\t\t\t\n\t\t\tclass=\"so-widget-sow-headline so-widget-sow-headline-default-09ef8ee1a4e1-5613\"\n\t\t\t\n\t\t><div class=\"sow-headline-container \">\n\t\t\t\t\t\t<div class=\"decoration\">\n\t\t\t\t\t\t<div class=\"decoration-inside\"><\/div>\n\t\t\t\t\t<\/div>\n\t\t\t\t\t\t\t\t\t\t\t<h2 class=\"sow-headline\">\n\t\t\t\t\t\tHIGHLIGHTS\t\t\t\t\t\t<\/h2>\n\t\t\t\t\t\t<\/div>\n<\/div><\/div><div id=\"panel-5613-2-0-1\" class=\"so-panel widget widget_sow-features\" data-index=\"3\" ><div id=\"34\" class=\"panel-widget-style panel-widget-style-for-5613-2-0-1\" ><div\n\t\t\t\n\t\t\tclass=\"so-widget-sow-features so-widget-sow-features-default-d5d07509e264-5613\"\n\t\t\t\n\t\t>\n<div class=\"sow-features-list sow-features-responsive\">\n\n\t\t\t\t\t\t\t\t\t<div\n\t\t\t\tclass=\"sow-features-feature sow-icon-container-position-top\"\n\t\t\t\tstyle=\"display: flex; flex-direction: column; width: calc(25% - 25px);\"\n\t\t\t>\n\t\t\t\n\t\t\t\t\t\t\t\t<div\n\t\t\t\t\tclass=\"sow-icon-container sow-container-square\"\n\t\t\t\t\tstyle=\"color: #ffffff; \"\n\t\t\t\t\t\t\t\t\t>\n\t\t\t\t\t<span class=\"sow-icon-fontawesome sow-fas\" data-sow-icon=\"&#xf00c;\"\n\t\tstyle=\"font-size: 48px; color: #727272\" \n\t\taria-hidden=\"true\"><\/span>\t\t\t\t<\/div>\n\t\t\t\t\n\t\t\t\t<div class=\"textwidget\">\n\t\t\t\t\t\n\t\t\t\t\t\t\t\t\t\t\t<h5>\n\t\t\t\t\t\t\t\n\t\t\t\t\t\t\tINDIVIDUELL\t\t\t\t\t\t\t\t\t\t\t\t\t<\/h5>\n\t\t\t\t\t\n\t\t\t\t\t\t\t\t\t\t\t<p class=\"p1\">Schwerpunkte k\u00f6nnen individuell auf Ihre Bed\u00fcrfnisse angepasst werden.<\/p>\n\t\t\t\t\t\n\t\t\t\t\t\t\t\t\t<\/div>\n\t\t\t\t\t\t\t\t\n\t\t\t\t\t\t\t<\/div>\n\n\t\t\t\t\t\t\t\t<div\n\t\t\t\tclass=\"sow-features-feature sow-icon-container-position-top\"\n\t\t\t\tstyle=\"display: flex; flex-direction: column; width: calc(25% - 25px);\"\n\t\t\t>\n\t\t\t\n\t\t\t\t\t\t\t\t<div\n\t\t\t\t\tclass=\"sow-icon-container sow-container-square\"\n\t\t\t\t\tstyle=\"color: #ffffff; \"\n\t\t\t\t\t\t\t\t\t>\n\t\t\t\t\t<span class=\"sow-icon-fontawesome sow-fas\" data-sow-icon=\"&#xf00c;\"\n\t\tstyle=\"font-size: 48px; color: #727272\" \n\t\taria-hidden=\"true\"><\/span>\t\t\t\t<\/div>\n\t\t\t\t\n\t\t\t\t<div class=\"textwidget\">\n\t\t\t\t\t\n\t\t\t\t\t\t\t\t\t\t\t<h5>\n\t\t\t\t\t\t\t\n\t\t\t\t\t\t\tERWEITERBAR\t\t\t\t\t\t\t\t\t\t\t\t\t<\/h5>\n\t\t\t\t\t\n\t\t\t\t\t\t\t\t\t\t\t<p class=\"p1\">Inhalte k\u00f6nnen nach Absprache erg\u00e4nzt werden.<\/p>\n\t\t\t\t\t\n\t\t\t\t\t\t\t\t\t<\/div>\n\t\t\t\t\t\t\t\t\n\t\t\t\t\t\t\t<\/div>\n\n\t\t\t\t\t\t\t\t<div\n\t\t\t\tclass=\"sow-features-feature sow-icon-container-position-top\"\n\t\t\t\tstyle=\"display: flex; flex-direction: column; width: calc(25% - 25px);\"\n\t\t\t>\n\t\t\t\n\t\t\t\t\t\t\t\t<div\n\t\t\t\t\tclass=\"sow-icon-container sow-container-square\"\n\t\t\t\t\tstyle=\"color: #ffffff; \"\n\t\t\t\t\t\t\t\t\t>\n\t\t\t\t\t<span class=\"sow-icon-fontawesome sow-fas\" data-sow-icon=\"&#xf00c;\"\n\t\tstyle=\"font-size: 48px; color: #727272\" \n\t\taria-hidden=\"true\"><\/span>\t\t\t\t<\/div>\n\t\t\t\t\n\t\t\t\t<div class=\"textwidget\">\n\t\t\t\t\t\n\t\t\t\t\t\t\t\t\t\t\t<h5>\n\t\t\t\t\t\t\t\n\t\t\t\t\t\t\t EXKLUSIV\t\t\t\t\t\t\t\t\t\t\t\t\t<\/h5>\n\t\t\t\t\t\n\t\t\t\t\t\t\t\t\t\t\t<p>Das Seminar wird exklusiv f\u00fcr Ihr Unternehmen durchgef\u00fchrt.<\/p>\n\t\t\t\t\t\n\t\t\t\t\t\t\t\t\t<\/div>\n\t\t\t\t\t\t\t\t\n\t\t\t\t\t\t\t<\/div>\n\n\t\t\t\t\t\t\t\t<div\n\t\t\t\tclass=\"sow-features-feature sow-icon-container-position-top\"\n\t\t\t\tstyle=\"display: flex; flex-direction: column; width: calc(25% - 25px);\"\n\t\t\t>\n\t\t\t\n\t\t\t\t\t\t\t\t<div\n\t\t\t\t\tclass=\"sow-icon-container sow-container-square\"\n\t\t\t\t\tstyle=\"color: #ffffff; \"\n\t\t\t\t\t\t\t\t\t>\n\t\t\t\t\t<span class=\"sow-icon-fontawesome sow-fas\" data-sow-icon=\"&#xf00c;\"\n\t\tstyle=\"font-size: 48px; color: #727272\" \n\t\taria-hidden=\"true\"><\/span>\t\t\t\t<\/div>\n\t\t\t\t\n\t\t\t\t<div class=\"textwidget\">\n\t\t\t\t\t\n\t\t\t\t\t\t\t\t\t\t\t<h5>\n\t\t\t\t\t\t\t\n\t\t\t\t\t\t\t INTERAKTIV\t\t\t\t\t\t\t\t\t\t\t\t\t<\/h5>\n\t\t\t\t\t\n\t\t\t\t\t\t\t\t\t\t\t<p>Durch Fragen und Diskussionen gestalten Sie die Workshops mit.<\/p>\n\t\t\t\t\t\n\t\t\t\t\t\t\t\t\t<\/div>\n\t\t\t\t\t\t\t\t\n\t\t\t\t\t\t\t<\/div>\n\n\t\t\t\n<\/div>\n<\/div><\/div><\/div><div id=\"panel-5613-2-0-2\" class=\"so-panel widget widget_sow-headline panel-last-child\" data-index=\"4\" ><div\n\t\t\t\n\t\t\tclass=\"so-widget-sow-headline so-widget-sow-headline-default-09ef8ee1a4e1-5613\"\n\t\t\t\n\t\t><div class=\"sow-headline-container \">\n\t\t\t\t\t\t<div class=\"decoration\">\n\t\t\t\t\t\t<div class=\"decoration-inside\"><\/div>\n\t\t\t\t\t<\/div>\n\t\t\t\t\t\t\t\t\t\t\t<h2 class=\"sow-headline\">\n\t\t\t\t\t\tWORKSHOPS\t\t\t\t\t\t<\/h2>\n\t\t\t\t\t\t<\/div>\n<\/div><\/div><\/div><\/div><div id=\"pg-5613-3\"  class=\"panel-grid panel-no-style\" ><div id=\"pgc-5613-3-0\"  class=\"panel-grid-cell\" ><div id=\"panel-5613-3-0-0\" class=\"so-panel widget widget_sow-editor panel-first-child\" data-index=\"5\" ><div\n\t\t\t\n\t\t\tclass=\"so-widget-sow-editor so-widget-sow-editor-base\"\n\t\t\t\n\t\t>\n<div class=\"siteorigin-widget-tinymce textwidget\">\n\t<h2 style=\"text-align: center;\">Legal<\/h2>\n<\/div>\n<\/div><\/div><div id=\"panel-5613-3-0-1\" class=\"so-panel widget widget_sow-hero\" data-index=\"6\" ><div\n\t\t\t\n\t\t\tclass=\"so-widget-sow-hero so-widget-sow-hero-default-899218eab746-5613 so-widget-fittext-wrapper\"\n\t\t\t data-fit-text-compressor=\"0.85\"\n\t\t>\t\t\t\t<div class=\"sow-slider-base\" style=\"display: none\" tabindex=\"0\">\n\t\t\t\t\t<ul\n\t\t\t\t\tclass=\"sow-slider-images\"\n\t\t\t\t\tdata-settings=\"{&quot;pagination&quot;:true,&quot;speed&quot;:800,&quot;timeout&quot;:8000,&quot;paused&quot;:false,&quot;pause_on_hover&quot;:false,&quot;swipe&quot;:true,&quot;nav_always_show_desktop&quot;:&quot;&quot;,&quot;nav_always_show_mobile&quot;:&quot;&quot;,&quot;breakpoint&quot;:&quot;780px&quot;,&quot;unmute&quot;:false,&quot;anchor&quot;:null}\"\n\t\t\t\t\tstyle=\"min-height: 240px\"\t\t\t\t\tdata-anchor-id=\"\"\n\t\t\t\t>\t\t<li class=\"sow-slider-image  sow-slider-image-cover\" style=\"visibility: visible;;background-color: #333333;background-image: url(https:\/\/certified-senders.org\/wp-content\/uploads\/2020\/08\/WS-Legal_1.jpg);cursor: pointer;\" data-url=\"{&quot;url&quot;:&quot;https:\\\/\\\/certified-senders.org\\\/legal-workshop\\\/&quot;,&quot;new_window&quot;:false}\" >\n\t\t\t\t\t<div class=\"sow-slider-image-container\">\n\t\t\t<div class=\"sow-slider-image-wrapper\">\n\t\t\t\t\t\t\t<\/div>\n\t\t<\/div>\n\t\t\t\t<\/li>\n\t\t<\/ul>\t\t\t\t<ol class=\"sow-slider-pagination\">\n\t\t\t\t\t\t\t\t\t\t\t<li><a href=\"#\" data-goto=\"0\" aria-label=\"display slide 1\"><\/a><\/li>\n\t\t\t\t\t\t\t\t\t<\/ol>\n\n\t\t\t\t<div class=\"sow-slide-nav sow-slide-nav-next\">\n\t\t\t\t\t<a href=\"#\" data-goto=\"next\" aria-label=\"next slide\" data-action=\"next\">\n\t\t\t\t\t\t<em class=\"sow-sld-icon-thin-right\"><\/em>\n\t\t\t\t\t<\/a>\n\t\t\t\t<\/div>\n\n\t\t\t\t<div class=\"sow-slide-nav sow-slide-nav-prev\">\n\t\t\t\t\t<a href=\"#\" data-goto=\"previous\" aria-label=\"previous slide\" data-action=\"prev\">\n\t\t\t\t\t\t<em class=\"sow-sld-icon-thin-left\"><\/em>\n\t\t\t\t\t<\/a>\n\t\t\t\t<\/div>\n\t\t\t\t<\/div><\/div><\/div><div id=\"panel-5613-3-0-2\" class=\"so-panel widget widget_sow-button panel-last-child\" data-index=\"7\" ><div\n\t\t\t\n\t\t\tclass=\"so-widget-sow-button so-widget-sow-button-wire-d6b3947cf739-5613\"\n\t\t\t\n\t\t><div class=\"ow-button-base ow-button-align-center\">\n\t<a\n\thref=\"https:\/\/certified-senders.org\/de\/legal-workshop\/\"\n\t\tclass=\"ow-icon-placement-top\" \t>\n\t\t<span>\n\t\t\t\n\t\t\tDETAILS\t\t<\/span>\n\t<\/a>\n<\/div>\n<\/div><\/div><\/div><div id=\"pgc-5613-3-1\"  class=\"panel-grid-cell panel-grid-cell-empty\" ><\/div><div id=\"pgc-5613-3-2\"  class=\"panel-grid-cell\" ><div id=\"panel-5613-3-2-0\" class=\"so-panel widget widget_sow-editor panel-first-child\" data-index=\"8\" ><div\n\t\t\t\n\t\t\tclass=\"so-widget-sow-editor so-widget-sow-editor-base\"\n\t\t\t\n\t\t>\n<div class=\"siteorigin-widget-tinymce textwidget\">\n\t<h2 style=\"text-align: center;\">Deliverability<\/h2>\n<\/div>\n<\/div><\/div><div id=\"panel-5613-3-2-1\" class=\"so-panel widget widget_sow-hero\" data-index=\"9\" ><div\n\t\t\t\n\t\t\tclass=\"so-widget-sow-hero so-widget-sow-hero-default-899218eab746-5613 so-widget-fittext-wrapper\"\n\t\t\t data-fit-text-compressor=\"0.85\"\n\t\t>\t\t\t\t<div class=\"sow-slider-base\" style=\"display: none\" tabindex=\"0\">\n\t\t\t\t\t<ul\n\t\t\t\t\tclass=\"sow-slider-images\"\n\t\t\t\t\tdata-settings=\"{&quot;pagination&quot;:true,&quot;speed&quot;:800,&quot;timeout&quot;:8000,&quot;paused&quot;:false,&quot;pause_on_hover&quot;:false,&quot;swipe&quot;:true,&quot;nav_always_show_desktop&quot;:&quot;&quot;,&quot;nav_always_show_mobile&quot;:&quot;&quot;,&quot;breakpoint&quot;:&quot;780px&quot;,&quot;unmute&quot;:false,&quot;anchor&quot;:null}\"\n\t\t\t\t\tstyle=\"min-height: 240px\"\t\t\t\t\tdata-anchor-id=\"\"\n\t\t\t\t>\t\t<li class=\"sow-slider-image  sow-slider-image-cover\" style=\"visibility: visible;;background-color: #333333;background-image: url(https:\/\/certified-senders.org\/wp-content\/uploads\/2020\/08\/header_workshop_deliverabilty.jpg);cursor: pointer;\" data-url=\"{&quot;url&quot;:&quot;https:\\\/\\\/certified-senders.org\\\/de\\\/workshop-deliverability\\\/&quot;,&quot;new_window&quot;:false}\" >\n\t\t\t\t\t<div class=\"sow-slider-image-container\">\n\t\t\t<div class=\"sow-slider-image-wrapper\">\n\t\t\t\t\t\t\t<\/div>\n\t\t<\/div>\n\t\t\t\t<\/li>\n\t\t<\/ul>\t\t\t\t<ol class=\"sow-slider-pagination\">\n\t\t\t\t\t\t\t\t\t\t\t<li><a href=\"#\" data-goto=\"0\" aria-label=\"display slide 1\"><\/a><\/li>\n\t\t\t\t\t\t\t\t\t<\/ol>\n\n\t\t\t\t<div class=\"sow-slide-nav sow-slide-nav-next\">\n\t\t\t\t\t<a href=\"#\" data-goto=\"next\" aria-label=\"next slide\" data-action=\"next\">\n\t\t\t\t\t\t<em class=\"sow-sld-icon-thin-right\"><\/em>\n\t\t\t\t\t<\/a>\n\t\t\t\t<\/div>\n\n\t\t\t\t<div class=\"sow-slide-nav sow-slide-nav-prev\">\n\t\t\t\t\t<a href=\"#\" data-goto=\"previous\" aria-label=\"previous slide\" data-action=\"prev\">\n\t\t\t\t\t\t<em class=\"sow-sld-icon-thin-left\"><\/em>\n\t\t\t\t\t<\/a>\n\t\t\t\t<\/div>\n\t\t\t\t<\/div><\/div><\/div><div id=\"panel-5613-3-2-2\" class=\"so-panel widget widget_sow-button panel-last-child\" data-index=\"10\" ><div\n\t\t\t\n\t\t\tclass=\"so-widget-sow-button so-widget-sow-button-wire-d6b3947cf739-5613\"\n\t\t\t\n\t\t><div class=\"ow-button-base ow-button-align-center\">\n\t<a\n\thref=\"https:\/\/certified-senders.org\/workshop-deliverability\/\"\n\t\tclass=\"ow-icon-placement-top\" \t>\n\t\t<span>\n\t\t\t\n\t\t\tDETAILS\t\t<\/span>\n\t<\/a>\n<\/div>\n<\/div><\/div><\/div><\/div><\/div>","protected":false},"excerpt":{"rendered":"<p>Mit den CSA-Workshops profitiert Ihr Unternehmen von der langj\u00e4hrigen Erfahrung der Certified Senders Alliance (CSA) als Qualit\u00e4tsgarant f\u00fcr h\u00f6chste technische und rechtliche Standards im E-Mail-Marketing. [&hellip;]<\/p>\n","protected":false},"author":15,"featured_media":0,"parent":0,"menu_order":0,"comment_status":"closed","ping_status":"closed","template":"library-page.php","meta":{"footnotes":""},"yoast_head":"<!-- This site is optimized with the Yoast SEO plugin v23.0 - https:\/\/yoast.com\/wordpress\/plugins\/seo\/ -->\n<title>CSA Workshops - Certified Senders Alliance<\/title>\n<meta name=\"robots\" content=\"index, follow, max-snippet:-1, max-image-preview:large, max-video-preview:-1\" \/>\n<link rel=\"canonical\" href=\"https:\/\/certified-senders.org\/de\/workshops\/\" \/>\n<meta property=\"og:locale\" content=\"de_DE\" \/>\n<meta property=\"og:type\" content=\"article\" \/>\n<meta property=\"og:title\" content=\"CSA Workshops - Certified Senders Alliance\" \/>\n<meta property=\"og:description\" content=\"Mit den CSA-Workshops profitiert Ihr Unternehmen von der langj\u00e4hrigen Erfahrung der Certified Senders Alliance (CSA) als Qualit\u00e4tsgarant f\u00fcr h\u00f6chste technische und rechtliche Standards im E-Mail-Marketing. [&hellip;]\" \/>\n<meta property=\"og:url\" content=\"https:\/\/certified-senders.org\/de\/workshops\/\" \/>\n<meta property=\"og:site_name\" content=\"Certified Senders Alliance\" \/>\n<meta property=\"article:modified_time\" content=\"2020-08-27T07:30:30+00:00\" \/>\n<meta name=\"twitter:card\" content=\"summary_large_image\" \/>\n<meta name=\"twitter:label1\" content=\"Gesch\u00e4tzte Lesezeit\" \/>\n\t<meta name=\"twitter:data1\" content=\"1\u00a0Minute\" \/>\n<script type=\"application\/ld+json\" class=\"yoast-schema-graph\">{\"@context\":\"https:\/\/schema.org\",\"@graph\":[{\"@type\":\"WebPage\",\"@id\":\"https:\/\/certified-senders.org\/de\/workshops\/\",\"url\":\"https:\/\/certified-senders.org\/de\/workshops\/\",\"name\":\"CSA Workshops - Certified Senders Alliance\",\"isPartOf\":{\"@id\":\"https:\/\/certified-senders.org\/de\/#website\"},\"datePublished\":\"2020-08-26T22:35:08+00:00\",\"dateModified\":\"2020-08-27T07:30:30+00:00\",\"breadcrumb\":{\"@id\":\"https:\/\/certified-senders.org\/de\/workshops\/#breadcrumb\"},\"inLanguage\":\"de\",\"potentialAction\":[{\"@type\":\"ReadAction\",\"target\":[\"https:\/\/certified-senders.org\/de\/workshops\/\"]}]},{\"@type\":\"BreadcrumbList\",\"@id\":\"https:\/\/certified-senders.org\/de\/workshops\/#breadcrumb\",\"itemListElement\":[{\"@type\":\"ListItem\",\"position\":1,\"name\":\"Home\",\"item\":\"https:\/\/certified-senders.org\/de\/\"},{\"@type\":\"ListItem\",\"position\":2,\"name\":\"CSA Workshops\"}]},{\"@type\":\"WebSite\",\"@id\":\"https:\/\/certified-senders.org\/de\/#website\",\"url\":\"https:\/\/certified-senders.org\/de\/\",\"name\":\"Certified Senders Alliance\",\"description\":\"Certified Senders Alliance\",\"potentialAction\":[{\"@type\":\"SearchAction\",\"target\":{\"@type\":\"EntryPoint\",\"urlTemplate\":\"https:\/\/certified-senders.org\/de\/?s={search_term_string}\"},\"query-input\":\"required name=search_term_string\"}],\"inLanguage\":\"de\"}]}<\/script>\n<!-- \/ Yoast SEO plugin. -->","yoast_head_json":{"title":"CSA Workshops - Certified Senders Alliance","robots":{"index":"index","follow":"follow","max-snippet":"max-snippet:-1","max-image-preview":"max-image-preview:large","max-video-preview":"max-video-preview:-1"},"canonical":"https:\/\/certified-senders.org\/de\/workshops\/","og_locale":"de_DE","og_type":"article","og_title":"CSA Workshops - Certified Senders Alliance","og_description":"Mit den CSA-Workshops profitiert Ihr Unternehmen von der langj\u00e4hrigen Erfahrung der Certified Senders Alliance (CSA) als Qualit\u00e4tsgarant f\u00fcr h\u00f6chste technische und rechtliche Standards im E-Mail-Marketing. [&hellip;]","og_url":"https:\/\/certified-senders.org\/de\/workshops\/","og_site_name":"Certified Senders Alliance","article_modified_time":"2020-08-27T07:30:30+00:00","twitter_card":"summary_large_image","twitter_misc":{"Gesch\u00e4tzte Lesezeit":"1\u00a0Minute"},"schema":{"@context":"https:\/\/schema.org","@graph":[{"@type":"WebPage","@id":"https:\/\/certified-senders.org\/de\/workshops\/","url":"https:\/\/certified-senders.org\/de\/workshops\/","name":"CSA Workshops - Certified Senders Alliance","isPartOf":{"@id":"https:\/\/certified-senders.org\/de\/#website"},"datePublished":"2020-08-26T22:35:08+00:00","dateModified":"2020-08-27T07:30:30+00:00","breadcrumb":{"@id":"https:\/\/certified-senders.org\/de\/workshops\/#breadcrumb"},"inLanguage":"de","potentialAction":[{"@type":"ReadAction","target":["https:\/\/certified-senders.org\/de\/workshops\/"]}]},{"@type":"BreadcrumbList","@id":"https:\/\/certified-senders.org\/de\/workshops\/#breadcrumb","itemListElement":[{"@type":"ListItem","position":1,"name":"Home","item":"https:\/\/certified-senders.org\/de\/"},{"@type":"ListItem","position":2,"name":"CSA Workshops"}]},{"@type":"WebSite","@id":"https:\/\/certified-senders.org\/de\/#website","url":"https:\/\/certified-senders.org\/de\/","name":"Certified Senders Alliance","description":"Certified Senders Alliance","potentialAction":[{"@type":"SearchAction","target":{"@type":"EntryPoint","urlTemplate":"https:\/\/certified-senders.org\/de\/?s={search_term_string}"},"query-input":"required name=search_term_string"}],"inLanguage":"de"}]}},"_links":{"self":[{"href":"https:\/\/certified-senders.org\/de\/wp-json\/wp\/v2\/pages\/5613"}],"collection":[{"href":"https:\/\/certified-senders.org\/de\/wp-json\/wp\/v2\/pages"}],"about":[{"href":"https:\/\/certified-senders.org\/de\/wp-json\/wp\/v2\/types\/page"}],"author":[{"embeddable":true,"href":"https:\/\/certified-senders.org\/de\/wp-json\/wp\/v2\/users\/15"}],"replies":[{"embeddable":true,"href":"https:\/\/certified-senders.org\/de\/wp-json\/wp\/v2\/comments?post=5613"}],"version-history":[{"count":13,"href":"https:\/\/certified-senders.org\/de\/wp-json\/wp\/v2\/pages\/5613\/revisions"}],"predecessor-version":[{"id":5687,"href":"https:\/\/certified-senders.org\/de\/wp-json\/wp\/v2\/pages\/5613\/revisions\/5687"}],"wp:attachment":[{"href":"https:\/\/certified-senders.org\/de\/wp-json\/wp\/v2\/media?parent=5613"}],"curies":[{"name":"wp","href":"https:\/\/api.w.org\/{rel}","templated":true}]}}