{"id":5753,"date":"2020-10-12T09:02:00","date_gmt":"2020-10-12T09:02:00","guid":{"rendered":"https:\/\/certified-senders.org\/csa-blog\/"},"modified":"2022-02-10T13:44:58","modified_gmt":"2022-02-10T13:44:58","slug":"csa-blog","status":"publish","type":"page","link":"https:\/\/certified-senders.org\/de\/csa-blog\/","title":{"rendered":"CSA Blog"},"content":{"rendered":"<div id=\"pl-5753\"  class=\"panel-layout\" ><div id=\"pg-5753-0\"  class=\"panel-grid panel-no-style\" ><div id=\"pgc-5753-0-0\"  class=\"panel-grid-cell\" ><div id=\"panel-5753-0-0-0\" class=\"so-panel widget widget_sow-hero panel-first-child panel-last-child\" data-index=\"0\" ><div\n\t\t\t\n\t\t\tclass=\"so-widget-sow-hero so-widget-sow-hero-default-372a2a279575-5753 so-widget-fittext-wrapper\"\n\t\t\t data-fit-text-compressor=\"0.85\"\n\t\t>\t\t\t\t<div class=\"sow-slider-base\" style=\"display: none\" tabindex=\"0\">\n\t\t\t\t\t<ul\n\t\t\t\t\tclass=\"sow-slider-images\"\n\t\t\t\t\tdata-settings=\"{&quot;pagination&quot;:true,&quot;speed&quot;:800,&quot;timeout&quot;:8000,&quot;paused&quot;:false,&quot;pause_on_hover&quot;:false,&quot;swipe&quot;:true,&quot;nav_always_show_desktop&quot;:&quot;&quot;,&quot;nav_always_show_mobile&quot;:&quot;&quot;,&quot;breakpoint&quot;:&quot;780px&quot;,&quot;unmute&quot;:false,&quot;anchor&quot;:null}\"\n\t\t\t\t\tstyle=\"min-height: 400px\"\t\t\t\t\tdata-anchor-id=\"\"\n\t\t\t\t>\t\t<li class=\"sow-slider-image  sow-slider-image-cover\" style=\"visibility: visible;;background-color: #333333;background-image: url(https:\/\/certified-senders.org\/wp-content\/uploads\/2022\/02\/Blog-Header2.svg)\" >\n\t\t\t\t\t<div class=\"sow-slider-image-container\">\n\t\t\t<div class=\"sow-slider-image-wrapper\">\n\t\t\t\t\t\t\t<\/div>\n\t\t<\/div>\n\t\t\t\t<\/li>\n\t\t<\/ul>\t\t\t\t<ol class=\"sow-slider-pagination\">\n\t\t\t\t\t\t\t\t\t\t\t<li><a href=\"#\" data-goto=\"0\" aria-label=\"display slide 1\"><\/a><\/li>\n\t\t\t\t\t\t\t\t\t<\/ol>\n\n\t\t\t\t<div class=\"sow-slide-nav sow-slide-nav-next\">\n\t\t\t\t\t<a href=\"#\" data-goto=\"next\" aria-label=\"next slide\" data-action=\"next\">\n\t\t\t\t\t\t<em class=\"sow-sld-icon-thin-right\"><\/em>\n\t\t\t\t\t<\/a>\n\t\t\t\t<\/div>\n\n\t\t\t\t<div class=\"sow-slide-nav sow-slide-nav-prev\">\n\t\t\t\t\t<a href=\"#\" data-goto=\"previous\" aria-label=\"previous slide\" data-action=\"prev\">\n\t\t\t\t\t\t<em class=\"sow-sld-icon-thin-left\"><\/em>\n\t\t\t\t\t<\/a>\n\t\t\t\t<\/div>\n\t\t\t\t<\/div><\/div><\/div><\/div><\/div><div id=\"pg-5753-1\"  class=\"panel-grid panel-no-style\" ><div id=\"pgc-5753-1-0\"  class=\"panel-grid-cell\" ><div\n\t\t\t\n\t\t\tclass=\"so-widget-blogwithsearch-widget so-widget-blogwithsearch-widget-BlogWithSearch_Widget-d75171398898-5753\"\n\t\t\t\n\t\t>\n    <form action=\"\/de\/wp-json\/wp\/v2\/pages\/5753\" method=\"get\" class=\"extra-search navbar-form search-is-visible\">\n        <div class=\"form-group\">\n            <div class=\"input-group\">\n            <input type=\"text\" id=\"search-without-cats\" data-widget-id=\"search-615016be-3765-451c-b1c1-546e13a8f0c7\" class=\"my-library-documents-search fuzzy-search input-default form-control\" placeholder=\"Suche\" name=\"q\" value=\"\">\n            <input type=\"hidden\" name=\"search\" value=\"widget\" \/>\n                <span class=\"input-group-btn\">\n\n            <button type=\"submit\" id=\"search-without-cats-button\" data-widget-id=\"search-615016be-3765-451c-b1c1-546e13a8f0c7\" class=\"btn btn-default\"><span class=\"glyphicon glyphicon-search\" aria-hidden=\"true\"><\/span><\/button>\n                <\/span>\n            <\/div>\n        <\/div>\n    <\/form>\n\n        <!-- filters-->\n\n        <ul>\n                            <li>\n                    <div class=\"item clearfix\">\n                        <div class=\"switch\" data-widget-id=\"search-615016be-3765-451c-b1c1-546e13a8f0c7\">\n                            <label>\n                                <input  value=\"143\" type=\"checkbox\">\n                                <span class=\"lever\">Marketing<\/span>\n                            <\/label>\n                        <\/div>\n                    <\/div>\n                <\/li>\n                            <li>\n                    <div class=\"item clearfix\">\n                        <div class=\"switch\" data-widget-id=\"search-615016be-3765-451c-b1c1-546e13a8f0c7\">\n                            <label>\n                                <input  value=\"132\" type=\"checkbox\">\n                                <span class=\"lever\">Recht<\/span>\n                            <\/label>\n                        <\/div>\n                    <\/div>\n                <\/li>\n                            <li>\n                    <div class=\"item clearfix\">\n                        <div class=\"switch\" data-widget-id=\"search-615016be-3765-451c-b1c1-546e13a8f0c7\">\n                            <label>\n                                <input  value=\"131\" type=\"checkbox\">\n                                <span class=\"lever\">Technik<\/span>\n                            <\/label>\n                        <\/div>\n                    <\/div>\n                <\/li>\n                    <\/ul>\n\n        <!-- filters end-->\n\n\n\n        <div id=\"ajaxPosts\">\n                            <div class=\"lists_articles\">\n                    <div class=\"row is-container\">\n                        \n                        <!-- sticky loop start -->\n                                                                                                                                                                                                                                                                <!-- sticky loop end -->\n\n\n                                                    \n\n        <!-- first post -->\n        \n        <!-- first post end -->\n\n\n        <div class=\"news__entry\">\n\n            <hr \/>\n\n\n            <article>\n                                <a href=\"https:\/\/certified-senders.org\/de\/blog\/2025-der-kurs-ist-gesetzt-2026-nehmen-wir-fahrt-auf\/\">\n                    <div class=\"row\">\n                        <div class=\"col-md-4 col-sm-4\">\n                            <picture>\n\n                                <div class=\"bg-img\" style=\"background-image:url('https:\/\/certified-senders.org\/wp-content\/uploads\/2026\/01\/Neujahrsansprache2-768x269.png');\"><\/div>\n\n                            <\/picture>\n                        <\/div>\n                        <div class=\"col-md-8 col-sm-8 blog-list-content\">\n                            <header>\n                                                                \n                                    <time datetime=\"2026-01-16\">16. Januar 2026<\/time>\n                                                                <h3 class=\"blog-content-title docTitle\">2025: Der Kurs ist gesetzt \u2013 2026 nehmen wir Fahrt auf<\/h3>\n                            <\/header>\n                            Ein Statement zur Zukunft von Vertrauen, Zustellbarkeit und Selbstregulierung im kommerziellen Emailing\r\nR\u00fcckblick 2025: Gemeinsam Kurs setzen\r\nWenn ich auf das Jahr 2025 zur\u00fcckblicke, dann tue ich das mit Stolz und Zufriedenheit \u2013 aber auch mit einem klaren Blick auf die Herausforderungen, die                            <div class=\"blog-read-more\"><span class=\"blog-read-more-button\">MEHR LESEN<\/span><\/div>\n                        <\/div>\n                    <\/div>\n                <\/a>\n            <\/article>\n        <\/div>\n\n    \n\n                                                            \n\n        <!-- first post -->\n        \n        <!-- first post end -->\n\n\n        <div class=\"news__entry\">\n\n            <hr \/>\n\n\n            <article>\n                                <a href=\"https:\/\/certified-senders.org\/de\/blog\/e-mail-authentifizierung-whitepaper\/\">\n                    <div class=\"row\">\n                        <div class=\"col-md-4 col-sm-4\">\n                            <picture>\n\n                                <div class=\"bg-img\" style=\"background-image:url('https:\/\/certified-senders.org\/wp-content\/uploads\/2026\/01\/Email-Authentifizierung-1140-x-400-px-768x269.jpg');\"><\/div>\n\n                            <\/picture>\n                        <\/div>\n                        <div class=\"col-md-8 col-sm-8 blog-list-content\">\n                            <header>\n                                                                \n                                    <time datetime=\"2026-01-14\">14. Januar 2026<\/time>\n                                                                <h3 class=\"blog-content-title docTitle\">E-Mail-Authentifizierung: Schutzschild f\u00fcr Ihre Domain \u2013 T\u00fcr\u00f6ffner zum Posteingang<\/h3>\n                            <\/header>\n                            \n\n\tE-Mail ist nach wie vor einer der wichtigsten Kommunikationskan\u00e4le f\u00fcr Unternehmen \u2013 und gleichzeitig ein bevorzugtes Ziel f\u00fcr Missbrauch. Fehlende oder falsch konfigurierte E-Mail-Authentifizierung kann dazu f\u00fchren, dass legitime Nachrichten nicht zugestellt werden oder dass Domains f\u00fcr                            <div class=\"blog-read-more\"><span class=\"blog-read-more-button\">MEHR LESEN<\/span><\/div>\n                        <\/div>\n                    <\/div>\n                <\/a>\n            <\/article>\n        <\/div>\n\n    \n\n                                                            \n\n        <!-- first post -->\n        \n        <!-- first post end -->\n\n\n        <div class=\"news__entry\">\n\n            <hr \/>\n\n\n            <article>\n                                <a href=\"https:\/\/certified-senders.org\/de\/blog\/email-zustellbarkeit-black-friday-q4-vergleich-2023-2024\/\">\n                    <div class=\"row\">\n                        <div class=\"col-md-4 col-sm-4\">\n                            <picture>\n\n                                <div class=\"bg-img\" style=\"background-image:url('https:\/\/certified-senders.org\/wp-content\/uploads\/2025\/11\/Black-Friday-768x269.webp');\"><\/div>\n\n                            <\/picture>\n                        <\/div>\n                        <div class=\"col-md-8 col-sm-8 blog-list-content\">\n                            <header>\n                                                                \n                                    <time datetime=\"2025-11-18\">18. November 2025<\/time>\n                                                                <h3 class=\"blog-content-title docTitle\">E-Mail-Zustellbarkeit rund um Black Friday: Ein datenbasierter Vergleich der Q4-Jahre 2023\u20132024<\/h3>\n                            <\/header>\n                            Die Hochphase des E-Mail-Marketings rund um Black Friday und die Feiertagskommunikation ist Jahr f\u00fcr Jahr ein Stresstest f\u00fcr die Zustellbarkeit. Versender erh\u00f6hen ihre Versandfrequenzen, Kampagnenvolumen steigen sprunghaft an, und Mailboxprovider reagieren mit versch\u00e4rften                            <div class=\"blog-read-more\"><span class=\"blog-read-more-button\">MEHR LESEN<\/span><\/div>\n                        <\/div>\n                    <\/div>\n                <\/a>\n            <\/article>\n        <\/div>\n\n    \n\n                                                            \n\n        <!-- first post -->\n        \n        <!-- first post end -->\n\n\n        <div class=\"news__entry\">\n\n            <hr \/>\n\n\n            <article>\n                                <a href=\"https:\/\/certified-senders.org\/de\/blog\/ip-und-domain-im-e-mail-versand-so-gelingt-der-reputationsaufbau\/\">\n                    <div class=\"row\">\n                        <div class=\"col-md-4 col-sm-4\">\n                            <picture>\n\n                                <div class=\"bg-img\" style=\"background-image:url('https:\/\/certified-senders.org\/wp-content\/uploads\/2025\/10\/Reputation-768x269.webp');\"><\/div>\n\n                            <\/picture>\n                        <\/div>\n                        <div class=\"col-md-8 col-sm-8 blog-list-content\">\n                            <header>\n                                                                \n                                    <time datetime=\"2025-10-29\">29. Oktober 2025<\/time>\n                                                                <h3 class=\"blog-content-title docTitle\">IP und Domain im E-Mail-Versand: So gelingt der Reputationsaufbau<\/h3>\n                            <\/header>\n                            \u201eDie alte Domain war verbrannt \u2013 also haben wir eine neue genommen&quot; ein Satz, der in der Praxis h\u00e4ufig f\u00e4llt.\r\n\r\nEin vermeintlich schneller Ausweg, der in der Praxis jedoch in der Regel zu noch gr\u00f6\u00dferen Zustellproblemen f\u00fchrt.\r\n\r\nDer Gedanke, mit einer neuen Domain einen Neustart und                            <div class=\"blog-read-more\"><span class=\"blog-read-more-button\">MEHR LESEN<\/span><\/div>\n                        <\/div>\n                    <\/div>\n                <\/a>\n            <\/article>\n        <\/div>\n\n    \n\n                                                    <\/div>\n                <\/div>\n\n                                    <div class=\"more_news\">\n                        <div class=\"rows\">\n                            <div class=\"col-sm-12 text-center\">\n                                <a class=\"pagination__next\" href=\"https:\/\/certified-senders.org\/de\/csa-blog\/csapage\/2\/?search=widget\">\n                                    <button class=\"btn btn-default eco-btn eco-btn-filter-more\" role=\"button\">show more<\/button>\n                                <\/a>\n                                <p><\/p>\n                            <\/div>\n                        <\/div>\n                    <\/div>\n                \n            \n        <\/div>\n        <\/div><\/div><\/div><\/div><\/div>","protected":false},"excerpt":{"rendered":"<p>Marketing Recht Technik 16. Januar 2026 2025: Der Kurs ist gesetzt \u2013 2026 nehmen wir Fahrt auf Ein Statement zur Zukunft von Vertrauen, Zustellbarkeit und [&hellip;]<\/p>\n","protected":false},"author":13,"featured_media":0,"parent":0,"menu_order":0,"comment_status":"closed","ping_status":"closed","template":"blog-page.php","meta":{"footnotes":""},"yoast_head":"<!-- This site is optimized with the Yoast SEO plugin v23.0 - https:\/\/yoast.com\/wordpress\/plugins\/seo\/ -->\n<title>CSA Blog - Certified Senders Alliance<\/title>\n<meta name=\"description\" content=\"Der CSA Blog informiert \u00fcber die neuesten Trends und Themen (rechtliche, technische und Marketing-Themen) des E-Mail-Marketings.\" \/>\n<meta name=\"robots\" content=\"index, follow, max-snippet:-1, max-image-preview:large, max-video-preview:-1\" \/>\n<link rel=\"canonical\" href=\"https:\/\/certified-senders.org\/de\/csa-blog\/\" \/>\n<meta property=\"og:locale\" content=\"de_DE\" \/>\n<meta property=\"og:type\" content=\"article\" \/>\n<meta property=\"og:title\" content=\"CSA Blog - Certified Senders Alliance\" \/>\n<meta property=\"og:description\" content=\"Der CSA Blog informiert \u00fcber die neuesten Trends und Themen (rechtliche, technische und Marketing-Themen) des E-Mail-Marketings.\" \/>\n<meta property=\"og:url\" content=\"https:\/\/certified-senders.org\/de\/csa-blog\/\" \/>\n<meta property=\"og:site_name\" content=\"Certified Senders Alliance\" \/>\n<meta property=\"article:modified_time\" content=\"2022-02-10T13:44:58+00:00\" \/>\n<meta name=\"twitter:card\" content=\"summary_large_image\" \/>\n<script type=\"application\/ld+json\" class=\"yoast-schema-graph\">{\"@context\":\"https:\/\/schema.org\",\"@graph\":[{\"@type\":\"WebPage\",\"@id\":\"https:\/\/certified-senders.org\/de\/csa-blog\/\",\"url\":\"https:\/\/certified-senders.org\/de\/csa-blog\/\",\"name\":\"CSA Blog - Certified Senders Alliance\",\"isPartOf\":{\"@id\":\"https:\/\/certified-senders.org\/de\/#website\"},\"datePublished\":\"2020-10-12T09:02:00+00:00\",\"dateModified\":\"2022-02-10T13:44:58+00:00\",\"description\":\"Der CSA Blog informiert \u00fcber die neuesten Trends und Themen (rechtliche, technische und Marketing-Themen) des E-Mail-Marketings.\",\"breadcrumb\":{\"@id\":\"https:\/\/certified-senders.org\/de\/csa-blog\/#breadcrumb\"},\"inLanguage\":\"de\",\"potentialAction\":[{\"@type\":\"ReadAction\",\"target\":[\"https:\/\/certified-senders.org\/de\/csa-blog\/\"]}]},{\"@type\":\"BreadcrumbList\",\"@id\":\"https:\/\/certified-senders.org\/de\/csa-blog\/#breadcrumb\",\"itemListElement\":[{\"@type\":\"ListItem\",\"position\":1,\"name\":\"Home\",\"item\":\"https:\/\/certified-senders.org\/de\/\"},{\"@type\":\"ListItem\",\"position\":2,\"name\":\"CSA Blog\"}]},{\"@type\":\"WebSite\",\"@id\":\"https:\/\/certified-senders.org\/de\/#website\",\"url\":\"https:\/\/certified-senders.org\/de\/\",\"name\":\"Certified Senders Alliance\",\"description\":\"Certified Senders Alliance\",\"potentialAction\":[{\"@type\":\"SearchAction\",\"target\":{\"@type\":\"EntryPoint\",\"urlTemplate\":\"https:\/\/certified-senders.org\/de\/?s={search_term_string}\"},\"query-input\":\"required name=search_term_string\"}],\"inLanguage\":\"de\"}]}<\/script>\n<!-- \/ Yoast SEO plugin. -->","yoast_head_json":{"title":"CSA Blog - Certified Senders Alliance","description":"Der CSA Blog informiert \u00fcber die neuesten Trends und Themen (rechtliche, technische und Marketing-Themen) des E-Mail-Marketings.","robots":{"index":"index","follow":"follow","max-snippet":"max-snippet:-1","max-image-preview":"max-image-preview:large","max-video-preview":"max-video-preview:-1"},"canonical":"https:\/\/certified-senders.org\/de\/csa-blog\/","og_locale":"de_DE","og_type":"article","og_title":"CSA Blog - Certified Senders Alliance","og_description":"Der CSA Blog informiert \u00fcber die neuesten Trends und Themen (rechtliche, technische und Marketing-Themen) des E-Mail-Marketings.","og_url":"https:\/\/certified-senders.org\/de\/csa-blog\/","og_site_name":"Certified Senders Alliance","article_modified_time":"2022-02-10T13:44:58+00:00","twitter_card":"summary_large_image","schema":{"@context":"https:\/\/schema.org","@graph":[{"@type":"WebPage","@id":"https:\/\/certified-senders.org\/de\/csa-blog\/","url":"https:\/\/certified-senders.org\/de\/csa-blog\/","name":"CSA Blog - Certified Senders Alliance","isPartOf":{"@id":"https:\/\/certified-senders.org\/de\/#website"},"datePublished":"2020-10-12T09:02:00+00:00","dateModified":"2022-02-10T13:44:58+00:00","description":"Der CSA Blog informiert \u00fcber die neuesten Trends und Themen (rechtliche, technische und Marketing-Themen) des E-Mail-Marketings.","breadcrumb":{"@id":"https:\/\/certified-senders.org\/de\/csa-blog\/#breadcrumb"},"inLanguage":"de","potentialAction":[{"@type":"ReadAction","target":["https:\/\/certified-senders.org\/de\/csa-blog\/"]}]},{"@type":"BreadcrumbList","@id":"https:\/\/certified-senders.org\/de\/csa-blog\/#breadcrumb","itemListElement":[{"@type":"ListItem","position":1,"name":"Home","item":"https:\/\/certified-senders.org\/de\/"},{"@type":"ListItem","position":2,"name":"CSA Blog"}]},{"@type":"WebSite","@id":"https:\/\/certified-senders.org\/de\/#website","url":"https:\/\/certified-senders.org\/de\/","name":"Certified Senders Alliance","description":"Certified Senders Alliance","potentialAction":[{"@type":"SearchAction","target":{"@type":"EntryPoint","urlTemplate":"https:\/\/certified-senders.org\/de\/?s={search_term_string}"},"query-input":"required name=search_term_string"}],"inLanguage":"de"}]}},"_links":{"self":[{"href":"https:\/\/certified-senders.org\/de\/wp-json\/wp\/v2\/pages\/5753"}],"collection":[{"href":"https:\/\/certified-senders.org\/de\/wp-json\/wp\/v2\/pages"}],"about":[{"href":"https:\/\/certified-senders.org\/de\/wp-json\/wp\/v2\/types\/page"}],"author":[{"embeddable":true,"href":"https:\/\/certified-senders.org\/de\/wp-json\/wp\/v2\/users\/13"}],"replies":[{"embeddable":true,"href":"https:\/\/certified-senders.org\/de\/wp-json\/wp\/v2\/comments?post=5753"}],"version-history":[{"count":20,"href":"https:\/\/certified-senders.org\/de\/wp-json\/wp\/v2\/pages\/5753\/revisions"}],"predecessor-version":[{"id":7325,"href":"https:\/\/certified-senders.org\/de\/wp-json\/wp\/v2\/pages\/5753\/revisions\/7325"}],"wp:attachment":[{"href":"https:\/\/certified-senders.org\/de\/wp-json\/wp\/v2\/media?parent=5753"}],"curies":[{"name":"wp","href":"https:\/\/api.w.org\/{rel}","templated":true}]}}