{"id":666,"date":"2017-04-27T15:13:58","date_gmt":"2017-04-27T15:13:58","guid":{"rendered":"https:\/\/certified-senders.eu\/?page_id=666\/"},"modified":"2025-04-02T20:07:00","modified_gmt":"2025-04-02T20:07:00","slug":"about-csa","status":"publish","type":"page","link":"https:\/\/certified-senders.org\/de\/about-csa\/","title":{"rendered":"\u00dcber CSA"},"content":{"rendered":"<div id=\"pl-666\"  class=\"panel-layout\" ><div id=\"pg-666-0\"  class=\"panel-grid panel-has-style\" ><div class=\"panel-row-style panel-row-style-for-666-0\" ><div id=\"pgc-666-0-0\"  class=\"panel-grid-cell\" ><div id=\"panel-666-0-0-0\" class=\"so-panel widget widget_sow-editor panel-first-child\" data-index=\"0\" ><div\n\t\t\t\n\t\t\tclass=\"so-widget-sow-editor so-widget-sow-editor-base\"\n\t\t\t\n\t\t>\n<div class=\"siteorigin-widget-tinymce textwidget\">\n\t<h2 class=\"bg-lightgrey header\">\u00dcber CSA<\/h2>\n<\/div>\n<\/div><\/div><div id=\"panel-666-0-0-1\" class=\"so-panel widget widget_metaslider_widget panel-last-child\" data-index=\"1\" ><div class=\"panel-widget-style panel-widget-style-for-666-0-0-1\" ><div id=\"metaslider-id-277\" style=\"max-width: 1170px;\" class=\"ml-slider-3-90-0 metaslider metaslider-flex metaslider-277 ml-slider ms-theme-default\" role=\"region\" aria-roledescription=\"Slideshow\" aria-label=\"About CSA\">\n    <div id=\"metaslider_container_277\">\n        <div id=\"temp_metaslider_277\" class=\"flexslider\"><ul class='slides'><\/ul><\/div><div id=\"metaslider_277\">\n            <ul class='slides'>\n                <li style=\"display: block; width: 100%;\" class=\"slide-3915 ms-image hidden_smartphone \" aria-roledescription=\"slide\" aria-label=\"slide-3915\"><img loading=\"lazy\" decoding=\"async\" src=\"https:\/\/certified-senders.org\/wp-content\/uploads\/2024\/09\/IMG_6740-1-1170x450.jpeg\" height=\"450\" width=\"1170\" alt=\"\" class=\"slider-277 slide-3915\" title=\"IMG_6740\" \/><\/li>\n            <\/ul>\n        <\/div>\n        \n    <\/div>\n<\/div><\/div><\/div><\/div><\/div><\/div><div id=\"pg-666-1\"  class=\"panel-grid panel-no-style\" ><div id=\"pgc-666-1-0\"  class=\"panel-grid-cell panel-grid-cell-mobile-last\" ><div id=\"panel-666-1-0-0\" class=\"so-panel widget widget_sow-editor panel-first-child panel-last-child\" data-index=\"2\" ><div class=\"panel-widget-style panel-widget-style-for-666-1-0-0\" ><div\n\t\t\t\n\t\t\tclass=\"so-widget-sow-editor so-widget-sow-editor-base\"\n\t\t\t\n\t\t>\n<div class=\"siteorigin-widget-tinymce textwidget\">\n\t<h2>Wer ist die Certified Senders Alliance (CSA)?<\/h2>\n<p>Die Certified Senders Alliance (CSA) ist ein Service des <a href=\"https:\/\/www.eco.de\/\" target=\"_blank\" rel=\"noopener noreferrer\">eco \u2013 Verband der Internetwirtschaft e.V<\/a>. in Zusammenarbeit mit dem <a href=\"https:\/\/www.ddv.de\/\" target=\"_blank\" rel=\"noopener noreferrer\">Deutschen Dialogmarketing Verband<\/a> (DDV) und ist im Jahr 2004 entstanden. eco ist mit \u00fcber 1000 Mitgliedern der gr\u00f6\u00dfte Verband der Internetwirtschaft in Europa. Der DDV ist der gr\u00f6\u00dfte nationale Zusammenschluss\u00ad von Dialogmarketern in Europa.<\/p>\n<p>Die CSA bildet eine neutrale Schnittstelle zwischen Mailboxprovidern und Versendern kommerzieller E-Mails.<\/p>\n<h2>Was ist das Ziel der CSA?<\/h2>\n<p>Ziel der CSA ist es, die Qualit\u00e4t kommerzieller E-Mails (z.B. Newsletter, Rechnungen, Auftragsbest\u00e4tigungen etc.) zu erh\u00f6hen. Um dieses Ziel zu erreichen, erstellt sie rechtliche und technische Qualit\u00e4tsstandards. Die Qualit\u00e4tsstandards ergeben sich aus geltendem Recht und technischen Anforderungen der Mailboxprovider. Sie werden entsprechend den aktuellen Gesetzgrundlagen und Marktanforderungen regelm\u00e4\u00dfig aktualisiert.<\/p>\n<h2>Wie erh\u00f6ht die CSA die Qualit\u00e4t kommerzieller E-Mails?<\/h2>\n<p>Die aufgesetzten Qualit\u00e4tsstandards werden im Rahmen einer Zertifizierung ins Leben gerufen. Zertifizierte Versender verpflichten sich, hohe Standards einzuhalten. Dies entlastet die Mail-Security-Teams der teilnehmenden Mailboxprovider. Im Gegenzug erhalten zertifizierte Versender eine Reihe von Vorteilen.<\/p>\n<h2>Welche Vorteile bietet eine CSA Zertifizierung f\u00fcr einen Versender?<\/h2>\n<ul>\n<li>Verbesserung der E-Mail Zustellbarkeit bei den <a href=\"https:\/\/certified-senders.org\/de\/teilnehmer\/\">teilnehmenden Partnern<\/a><\/li>\n<li>Schutz der Reputation durch Identifizierung von Schwachstellen mit folgenden CSA-Daten:\n<ul>\n<li>Spam Trap Hits<\/li>\n<li>DKIM-Errors<\/li>\n<li>Spam Complaint Rate<\/li>\n<li>Nutzerbeschwerden<\/li>\n<\/ul>\n<\/li>\n<li>Support bei technischen Problemen und in der Kommunikation mit <a href=\"https:\/\/certified-senders.org\/de\/teilnehmer\/\">teilnehmenden Partnern<\/a><\/li>\n<li>Schutz vor rechtlichen und finanziellen Risiken durch die vollst\u00e4ndige Einhaltung gesetzlicher Normen<\/li>\n<li>CSA-G\u00fctesiegel zeigt Professionalit\u00e4t im E-Mail-Marketing<\/li>\n<li>Zugang zu aktuellen technischen und rechtlichen Entwicklungen der Branche durch Publikationen und Events<\/li>\n<\/ul>\n<h2>Wie funktioniert die CSA Certified IP List?<\/h2>\n<p>Mailboxprovider wollen h\u00f6chste Nutzerzufriedenheit erreichen, stehen dabei jedoch vor einer Herausforderung: Sie m\u00fcssen ihre Nutzer vor unerw\u00fcnschten E-Mails sch\u00fctzen und gleichzeitig garantieren, dass erw\u00fcnschte E-Mails ankommen. Um ihre Nutzer vor Spam zu sch\u00fctzen, stellen Mailboxprovider ihre Filter scharf ein. Das kann jedoch auch dazu f\u00fchren, dass erw\u00fcnschte Nachrichten diese Filter nicht passieren, sondern f\u00e4lschlicherweise als Spam gekennzeichnet werden und somit nicht beim Empf\u00e4nger ankommen.<\/p>\n<p>Da die IP-Adressen von CSA zertifizierten Versendern auf der CSA Certified IP List stehen und Mailboxprovider auf diese Certified IP List zugreifen, werden diese als seri\u00f6se E-Mail Versender erkannt. Dadurch werden sie bei teilnehmenden Mailboxprovidern besser zugestellt.<\/p>\n<h2>Der Zertifizierungsprozess<\/h2>\n<p>Die CSA-Qualit\u00e4tsstandards umfassen rechtliche und technische Aufnahmekriterien. E-Mail Versender, die im Stande sind, diese Qualit\u00e4tskriterien zu erf\u00fcllen, k\u00f6nnen sich bei der CSA zertifizieren lassen.<\/p>\n<\/div>\n<\/div><\/div><\/div><\/div><div id=\"pgc-666-1-1\"  class=\"panel-grid-cell panel-grid-cell-empty\" ><\/div><\/div><div id=\"pg-666-2\"  class=\"panel-grid panel-no-style\" ><div id=\"pgc-666-2-0\"  class=\"panel-grid-cell panel-grid-cell-mobile-last\" ><div id=\"panel-666-2-0-0\" class=\"so-panel widget widget_sow-button panel-first-child panel-last-child\" data-index=\"3\" ><div\n\t\t\t\n\t\t\tclass=\"so-widget-sow-button so-widget-sow-button-wire-a317ca957fa5-666\"\n\t\t\t\n\t\t><div class=\"ow-button-base ow-button-align-center\">\n\t<a\n\thref=\"https:\/\/certified-senders.org\/de\/certification-process\/\"\n\t\tclass=\"ow-icon-placement-left ow-button-hover\" \t>\n\t\t<span>\n\t\t\t\n\t\t\tZertifizierung erkunden\t\t<\/span>\n\t<\/a>\n<\/div>\n<\/div><\/div><\/div><div id=\"pgc-666-2-1\"  class=\"panel-grid-cell panel-grid-cell-empty\" ><\/div><\/div><div id=\"pg-666-3\"  class=\"panel-grid panel-no-style\" ><div id=\"pgc-666-3-0\"  class=\"panel-grid-cell panel-grid-cell-empty\" ><\/div><\/div><\/div>","protected":false},"excerpt":{"rendered":"<p>\u00dcber CSA Wer ist die Certified Senders Alliance (CSA)? Die Certified Senders Alliance (CSA) ist ein Service des eco \u2013 Verband der Internetwirtschaft e.V. in [&hellip;]<\/p>\n","protected":false},"author":2,"featured_media":0,"parent":0,"menu_order":0,"comment_status":"closed","ping_status":"closed","template":"about-page.php","meta":{"footnotes":""},"yoast_head":"<!-- This site is optimized with the Yoast SEO plugin v23.0 - https:\/\/yoast.com\/wordpress\/plugins\/seo\/ -->\n<title>\u00dcber CSA - Certified Senders Alliance<\/title>\n<meta name=\"robots\" content=\"index, follow, max-snippet:-1, max-image-preview:large, max-video-preview:-1\" \/>\n<link rel=\"canonical\" href=\"https:\/\/certified-senders.org\/de\/about-csa\/\" \/>\n<meta property=\"og:locale\" content=\"de_DE\" \/>\n<meta property=\"og:type\" content=\"article\" \/>\n<meta property=\"og:title\" content=\"\u00dcber CSA - Certified Senders Alliance\" \/>\n<meta property=\"og:description\" content=\"\u00dcber CSA Wer ist die Certified Senders Alliance (CSA)? Die Certified Senders Alliance (CSA) ist ein Service des eco \u2013 Verband der Internetwirtschaft e.V. in [&hellip;]\" \/>\n<meta property=\"og:url\" content=\"https:\/\/certified-senders.org\/de\/about-csa\/\" \/>\n<meta property=\"og:site_name\" content=\"Certified Senders Alliance\" \/>\n<meta property=\"article:modified_time\" content=\"2025-04-02T20:07:00+00:00\" \/>\n<meta name=\"twitter:card\" content=\"summary_large_image\" \/>\n<meta name=\"twitter:label1\" content=\"Gesch\u00e4tzte Lesezeit\" \/>\n\t<meta name=\"twitter:data1\" content=\"2\u00a0Minuten\" \/>\n<script type=\"application\/ld+json\" class=\"yoast-schema-graph\">{\"@context\":\"https:\/\/schema.org\",\"@graph\":[{\"@type\":\"WebPage\",\"@id\":\"https:\/\/certified-senders.org\/de\/about-csa\/\",\"url\":\"https:\/\/certified-senders.org\/de\/about-csa\/\",\"name\":\"\u00dcber CSA - Certified Senders Alliance\",\"isPartOf\":{\"@id\":\"https:\/\/certified-senders.org\/de\/#website\"},\"datePublished\":\"2017-04-27T15:13:58+00:00\",\"dateModified\":\"2025-04-02T20:07:00+00:00\",\"breadcrumb\":{\"@id\":\"https:\/\/certified-senders.org\/de\/about-csa\/#breadcrumb\"},\"inLanguage\":\"de\",\"potentialAction\":[{\"@type\":\"ReadAction\",\"target\":[\"https:\/\/certified-senders.org\/de\/about-csa\/\"]}]},{\"@type\":\"BreadcrumbList\",\"@id\":\"https:\/\/certified-senders.org\/de\/about-csa\/#breadcrumb\",\"itemListElement\":[{\"@type\":\"ListItem\",\"position\":1,\"name\":\"Home\",\"item\":\"https:\/\/certified-senders.org\/de\/\"},{\"@type\":\"ListItem\",\"position\":2,\"name\":\"\u00dcber CSA\"}]},{\"@type\":\"WebSite\",\"@id\":\"https:\/\/certified-senders.org\/de\/#website\",\"url\":\"https:\/\/certified-senders.org\/de\/\",\"name\":\"Certified Senders Alliance\",\"description\":\"Certified Senders Alliance\",\"potentialAction\":[{\"@type\":\"SearchAction\",\"target\":{\"@type\":\"EntryPoint\",\"urlTemplate\":\"https:\/\/certified-senders.org\/de\/?s={search_term_string}\"},\"query-input\":\"required name=search_term_string\"}],\"inLanguage\":\"de\"}]}<\/script>\n<!-- \/ Yoast SEO plugin. -->","yoast_head_json":{"title":"\u00dcber CSA - Certified Senders Alliance","robots":{"index":"index","follow":"follow","max-snippet":"max-snippet:-1","max-image-preview":"max-image-preview:large","max-video-preview":"max-video-preview:-1"},"canonical":"https:\/\/certified-senders.org\/de\/about-csa\/","og_locale":"de_DE","og_type":"article","og_title":"\u00dcber CSA - Certified Senders Alliance","og_description":"\u00dcber CSA Wer ist die Certified Senders Alliance (CSA)? Die Certified Senders Alliance (CSA) ist ein Service des eco \u2013 Verband der Internetwirtschaft e.V. in [&hellip;]","og_url":"https:\/\/certified-senders.org\/de\/about-csa\/","og_site_name":"Certified Senders Alliance","article_modified_time":"2025-04-02T20:07:00+00:00","twitter_card":"summary_large_image","twitter_misc":{"Gesch\u00e4tzte Lesezeit":"2\u00a0Minuten"},"schema":{"@context":"https:\/\/schema.org","@graph":[{"@type":"WebPage","@id":"https:\/\/certified-senders.org\/de\/about-csa\/","url":"https:\/\/certified-senders.org\/de\/about-csa\/","name":"\u00dcber CSA - Certified Senders Alliance","isPartOf":{"@id":"https:\/\/certified-senders.org\/de\/#website"},"datePublished":"2017-04-27T15:13:58+00:00","dateModified":"2025-04-02T20:07:00+00:00","breadcrumb":{"@id":"https:\/\/certified-senders.org\/de\/about-csa\/#breadcrumb"},"inLanguage":"de","potentialAction":[{"@type":"ReadAction","target":["https:\/\/certified-senders.org\/de\/about-csa\/"]}]},{"@type":"BreadcrumbList","@id":"https:\/\/certified-senders.org\/de\/about-csa\/#breadcrumb","itemListElement":[{"@type":"ListItem","position":1,"name":"Home","item":"https:\/\/certified-senders.org\/de\/"},{"@type":"ListItem","position":2,"name":"\u00dcber CSA"}]},{"@type":"WebSite","@id":"https:\/\/certified-senders.org\/de\/#website","url":"https:\/\/certified-senders.org\/de\/","name":"Certified Senders Alliance","description":"Certified Senders Alliance","potentialAction":[{"@type":"SearchAction","target":{"@type":"EntryPoint","urlTemplate":"https:\/\/certified-senders.org\/de\/?s={search_term_string}"},"query-input":"required name=search_term_string"}],"inLanguage":"de"}]}},"_links":{"self":[{"href":"https:\/\/certified-senders.org\/de\/wp-json\/wp\/v2\/pages\/666"}],"collection":[{"href":"https:\/\/certified-senders.org\/de\/wp-json\/wp\/v2\/pages"}],"about":[{"href":"https:\/\/certified-senders.org\/de\/wp-json\/wp\/v2\/types\/page"}],"author":[{"embeddable":true,"href":"https:\/\/certified-senders.org\/de\/wp-json\/wp\/v2\/users\/2"}],"replies":[{"embeddable":true,"href":"https:\/\/certified-senders.org\/de\/wp-json\/wp\/v2\/comments?post=666"}],"version-history":[{"count":66,"href":"https:\/\/certified-senders.org\/de\/wp-json\/wp\/v2\/pages\/666\/revisions"}],"predecessor-version":[{"id":9555,"href":"https:\/\/certified-senders.org\/de\/wp-json\/wp\/v2\/pages\/666\/revisions\/9555"}],"wp:attachment":[{"href":"https:\/\/certified-senders.org\/de\/wp-json\/wp\/v2\/media?parent=666"}],"curies":[{"name":"wp","href":"https:\/\/api.w.org\/{rel}","templated":true}]}}