{"id":670,"date":"2017-05-03T08:00:46","date_gmt":"2017-05-03T08:00:46","guid":{"rendered":"https:\/\/certified-senders.eu\/?page_id=670\/"},"modified":"2025-02-05T09:29:11","modified_gmt":"2025-02-05T09:29:11","slug":"services","status":"publish","type":"page","link":"https:\/\/certified-senders.org\/de\/services\/","title":{"rendered":"Services"},"content":{"rendered":"<div id=\"pl-670\"  class=\"panel-layout\" ><div id=\"pg-670-0\"  class=\"panel-grid panel-no-style\" ><div id=\"pgc-670-0-0\"  class=\"panel-grid-cell\" ><div id=\"panel-670-0-0-0\" class=\"so-panel widget widget_sow-editor panel-first-child\" data-index=\"0\" ><div\n\t\t\t\n\t\t\tclass=\"so-widget-sow-editor so-widget-sow-editor-base\"\n\t\t\t\n\t\t>\n<div class=\"siteorigin-widget-tinymce textwidget\">\n\t<h2 class=\"bg-lightgrey header\">Services<\/h2>\n<\/div>\n<\/div><\/div><div id=\"panel-670-0-0-1\" class=\"so-panel widget widget_metaslider_widget panel-last-child\" data-index=\"1\" ><div id=\"metaslider-id-1548\" style=\"max-width: 1170px;\" class=\"ml-slider-3-90-0 metaslider metaslider-flex metaslider-1548 ml-slider ms-theme-default\" role=\"region\" aria-roledescription=\"Slideshow\" aria-label=\"Services\">\n    <div id=\"metaslider_container_1548\">\n        <div id=\"metaslider_1548\">\n            <ul class='slides'>\n                <li style=\"display: block; width: 100%;\" class=\"slide-1553 ms-image \" aria-roledescription=\"slide\" aria-label=\"slide-1553\"><img loading=\"lazy\" decoding=\"async\" src=\"https:\/\/certified-senders.org\/wp-content\/uploads\/2017\/06\/AdobeStock_83107159-1170x390.jpeg\" height=\"390\" width=\"1170\" alt=\"\" class=\"slider-1548 slide-1553\" \/><div class=\"caption-wrap\"><div class=\"caption\"><p>\u00a0<\/p>\n<p>\u00a0<\/p> CSA Services <\/div><\/div><\/li>\n            <\/ul>\n        <\/div>\n        \n    <\/div>\n<\/div><\/div><\/div><\/div><div id=\"pg-670-1\"  class=\"panel-grid panel-has-style\" ><div class=\"bg-whitegrey panel-row-style panel-row-style-for-670-1\" ><div id=\"pgc-670-1-0\"  class=\"panel-grid-cell\" ><div id=\"panel-670-1-0-0\" class=\"so-panel widget widget_sow-editor panel-first-child panel-last-child\" data-index=\"2\" ><div\n\t\t\t\n\t\t\tclass=\"so-widget-sow-editor so-widget-sow-editor-base\"\n\t\t\t\n\t\t><h3 class=\"widget-title\">Zertifizierung<\/h3>\n<div class=\"siteorigin-widget-tinymce textwidget\">\n\t<div class=\"siteorigin-widget-tinymce textwidget\">\n<p>Die CSA zertifiziert Versender von kommerziellen E-Mails, die hohe Qualit\u00e4tsstandards einhalten. Mit der CSA-Zertifizierung erhalten Sie Zustellbarkeitsvorteile bei internationalen Mailbox- und Spamfilter Providern.<\/p>\n<p>Durch den Zugriff auf exklusive Daten des <a href=\"https:\/\/certified-senders.org\/de\/certification-monitor\/\">Certification Monitor<\/a>, k\u00f6nnen Versender wichtige Zustellbarkeits-KPIs wie Spam-Trap-Treffer, Spam-Beschwerden und DKIM-Fehler \u00fcberwachen. So lassen sich Probleme fr\u00fchzeitig erkennen und die Inbox-Platzierung optimieren.<\/p>\n<\/div>\n<p><a class=\"btn article-box-btn\" href=\"https:\/\/certified-senders.org\/de\/certification-process\/\">Mehr erfahren<\/a><\/p>\n<\/div>\n<\/div><\/div><\/div><\/div><\/div><div id=\"pg-670-2\"  class=\"panel-grid panel-has-style\" ><div class=\"bg-whitegrey panel-row-style panel-row-style-for-670-2\" ><div id=\"pgc-670-2-0\"  class=\"panel-grid-cell\" ><div id=\"panel-670-2-0-0\" class=\"so-panel widget widget_sow-editor panel-first-child panel-last-child\" data-index=\"3\" ><div\n\t\t\t\n\t\t\tclass=\"so-widget-sow-editor so-widget-sow-editor-base\"\n\t\t\t\n\t\t><h3 class=\"widget-title\">Webinare<\/h3>\n<div class=\"siteorigin-widget-tinymce textwidget\">\n\t<div class=\"siteorigin-widget-tinymce textwidget\">\n<p>Die CSA bietet individuelle, auf Ihr Unternehmen zugeschnittene Webinare zu den f\u00fcr Sie interessanten Themen an.<\/p>\n<\/div>\n<p><a class=\"btn article-box-btn\" href=\"https:\/\/certified-senders.org\/de\/webinare\/\">Mehr erfahren<\/a><\/p>\n<\/div>\n<\/div><\/div><\/div><\/div><\/div><div id=\"pg-670-3\"  class=\"panel-grid panel-has-style\" ><div class=\"bg-whitegrey panel-row-style panel-row-style-for-670-3\" ><div id=\"pgc-670-3-0\"  class=\"panel-grid-cell\" ><div id=\"panel-670-3-0-0\" class=\"so-panel widget widget_sow-editor panel-first-child panel-last-child\" data-index=\"4\" ><div\n\t\t\t\n\t\t\tclass=\"so-widget-sow-editor so-widget-sow-editor-base\"\n\t\t\t\n\t\t><h3 class=\"widget-title\">Workshops<\/h3>\n<div class=\"siteorigin-widget-tinymce textwidget\">\n\t<div class=\"siteorigin-widget-tinymce textwidget\">\n<p>Mit den CSA-Workshops profitiert Ihr Unternehmen von der langj\u00e4hrigen Erfahrung der Certified Senders Alliance (CSA) als Qualit\u00e4tsgarant f\u00fcr h\u00f6chste technische und rechtliche Standards im E-Mail-Marketing.<\/p>\n<p>Unsere Experten schulen Sie in einer Optimierung Ihres Zustellbarkeitsmanagements sowie den rechtlichen Rahmenbedingungen f\u00fcr rechtssichere und effektive E-Mail-Kampagnen.<\/p>\n<\/div>\n<p><a class=\"btn article-box-btn\" href=\"https:\/\/certified-senders.org\/de\/workshops\/\">Mehr erfahren<\/a><\/p>\n<\/div>\n<\/div><\/div><\/div><\/div><\/div><\/div>","protected":false},"excerpt":{"rendered":"<p>Services Die CSA zertifiziert Versender von kommerziellen E-Mails, die hohe Qualit\u00e4tsstandards einhalten. Mit der CSA-Zertifizierung erhalten Sie Zustellbarkeitsvorteile bei internationalen Mailbox- und Spamfilter Providern. Durch [&hellip;]<\/p>\n","protected":false},"author":2,"featured_media":0,"parent":0,"menu_order":0,"comment_status":"closed","ping_status":"closed","template":"full-width.php","meta":{"footnotes":""},"yoast_head":"<!-- This site is optimized with the Yoast SEO plugin v23.0 - https:\/\/yoast.com\/wordpress\/plugins\/seo\/ -->\n<title>Services - Certified Senders Alliance<\/title>\n<meta name=\"robots\" content=\"index, follow, max-snippet:-1, max-image-preview:large, max-video-preview:-1\" \/>\n<link rel=\"canonical\" href=\"https:\/\/certified-senders.org\/de\/services\/\" \/>\n<meta property=\"og:locale\" content=\"de_DE\" \/>\n<meta property=\"og:type\" content=\"article\" \/>\n<meta property=\"og:title\" content=\"Services - Certified Senders Alliance\" \/>\n<meta property=\"og:description\" content=\"Services Die CSA zertifiziert Versender von kommerziellen E-Mails, die hohe Qualit\u00e4tsstandards einhalten. Mit der CSA-Zertifizierung erhalten Sie Zustellbarkeitsvorteile bei internationalen Mailbox- und Spamfilter Providern. Durch [&hellip;]\" \/>\n<meta property=\"og:url\" content=\"https:\/\/certified-senders.org\/de\/services\/\" \/>\n<meta property=\"og:site_name\" content=\"Certified Senders Alliance\" \/>\n<meta property=\"article:modified_time\" content=\"2025-02-05T09:29:11+00:00\" \/>\n<meta name=\"twitter:card\" content=\"summary_large_image\" \/>\n<meta name=\"twitter:label1\" content=\"Gesch\u00e4tzte Lesezeit\" \/>\n\t<meta name=\"twitter:data1\" content=\"1\u00a0Minute\" \/>\n<script type=\"application\/ld+json\" class=\"yoast-schema-graph\">{\"@context\":\"https:\/\/schema.org\",\"@graph\":[{\"@type\":\"WebPage\",\"@id\":\"https:\/\/certified-senders.org\/de\/services\/\",\"url\":\"https:\/\/certified-senders.org\/de\/services\/\",\"name\":\"Services - Certified Senders Alliance\",\"isPartOf\":{\"@id\":\"https:\/\/certified-senders.org\/de\/#website\"},\"datePublished\":\"2017-05-03T08:00:46+00:00\",\"dateModified\":\"2025-02-05T09:29:11+00:00\",\"breadcrumb\":{\"@id\":\"https:\/\/certified-senders.org\/de\/services\/#breadcrumb\"},\"inLanguage\":\"de\",\"potentialAction\":[{\"@type\":\"ReadAction\",\"target\":[\"https:\/\/certified-senders.org\/de\/services\/\"]}]},{\"@type\":\"BreadcrumbList\",\"@id\":\"https:\/\/certified-senders.org\/de\/services\/#breadcrumb\",\"itemListElement\":[{\"@type\":\"ListItem\",\"position\":1,\"name\":\"Home\",\"item\":\"https:\/\/certified-senders.org\/de\/\"},{\"@type\":\"ListItem\",\"position\":2,\"name\":\"Services\"}]},{\"@type\":\"WebSite\",\"@id\":\"https:\/\/certified-senders.org\/de\/#website\",\"url\":\"https:\/\/certified-senders.org\/de\/\",\"name\":\"Certified Senders Alliance\",\"description\":\"Certified Senders Alliance\",\"potentialAction\":[{\"@type\":\"SearchAction\",\"target\":{\"@type\":\"EntryPoint\",\"urlTemplate\":\"https:\/\/certified-senders.org\/de\/?s={search_term_string}\"},\"query-input\":\"required name=search_term_string\"}],\"inLanguage\":\"de\"}]}<\/script>\n<!-- \/ Yoast SEO plugin. -->","yoast_head_json":{"title":"Services - Certified Senders Alliance","robots":{"index":"index","follow":"follow","max-snippet":"max-snippet:-1","max-image-preview":"max-image-preview:large","max-video-preview":"max-video-preview:-1"},"canonical":"https:\/\/certified-senders.org\/de\/services\/","og_locale":"de_DE","og_type":"article","og_title":"Services - Certified Senders Alliance","og_description":"Services Die CSA zertifiziert Versender von kommerziellen E-Mails, die hohe Qualit\u00e4tsstandards einhalten. Mit der CSA-Zertifizierung erhalten Sie Zustellbarkeitsvorteile bei internationalen Mailbox- und Spamfilter Providern. Durch [&hellip;]","og_url":"https:\/\/certified-senders.org\/de\/services\/","og_site_name":"Certified Senders Alliance","article_modified_time":"2025-02-05T09:29:11+00:00","twitter_card":"summary_large_image","twitter_misc":{"Gesch\u00e4tzte Lesezeit":"1\u00a0Minute"},"schema":{"@context":"https:\/\/schema.org","@graph":[{"@type":"WebPage","@id":"https:\/\/certified-senders.org\/de\/services\/","url":"https:\/\/certified-senders.org\/de\/services\/","name":"Services - Certified Senders Alliance","isPartOf":{"@id":"https:\/\/certified-senders.org\/de\/#website"},"datePublished":"2017-05-03T08:00:46+00:00","dateModified":"2025-02-05T09:29:11+00:00","breadcrumb":{"@id":"https:\/\/certified-senders.org\/de\/services\/#breadcrumb"},"inLanguage":"de","potentialAction":[{"@type":"ReadAction","target":["https:\/\/certified-senders.org\/de\/services\/"]}]},{"@type":"BreadcrumbList","@id":"https:\/\/certified-senders.org\/de\/services\/#breadcrumb","itemListElement":[{"@type":"ListItem","position":1,"name":"Home","item":"https:\/\/certified-senders.org\/de\/"},{"@type":"ListItem","position":2,"name":"Services"}]},{"@type":"WebSite","@id":"https:\/\/certified-senders.org\/de\/#website","url":"https:\/\/certified-senders.org\/de\/","name":"Certified Senders Alliance","description":"Certified Senders Alliance","potentialAction":[{"@type":"SearchAction","target":{"@type":"EntryPoint","urlTemplate":"https:\/\/certified-senders.org\/de\/?s={search_term_string}"},"query-input":"required name=search_term_string"}],"inLanguage":"de"}]}},"_links":{"self":[{"href":"https:\/\/certified-senders.org\/de\/wp-json\/wp\/v2\/pages\/670"}],"collection":[{"href":"https:\/\/certified-senders.org\/de\/wp-json\/wp\/v2\/pages"}],"about":[{"href":"https:\/\/certified-senders.org\/de\/wp-json\/wp\/v2\/types\/page"}],"author":[{"embeddable":true,"href":"https:\/\/certified-senders.org\/de\/wp-json\/wp\/v2\/users\/2"}],"replies":[{"embeddable":true,"href":"https:\/\/certified-senders.org\/de\/wp-json\/wp\/v2\/comments?post=670"}],"version-history":[{"count":76,"href":"https:\/\/certified-senders.org\/de\/wp-json\/wp\/v2\/pages\/670\/revisions"}],"predecessor-version":[{"id":9522,"href":"https:\/\/certified-senders.org\/de\/wp-json\/wp\/v2\/pages\/670\/revisions\/9522"}],"wp:attachment":[{"href":"https:\/\/certified-senders.org\/de\/wp-json\/wp\/v2\/media?parent=670"}],"curies":[{"name":"wp","href":"https:\/\/api.w.org\/{rel}","templated":true}]}}