{"id":684,"date":"2017-05-08T10:11:51","date_gmt":"2017-05-08T10:11:51","guid":{"rendered":"https:\/\/certified-senders.eu\/?page_id=684\/"},"modified":"2023-11-01T23:11:56","modified_gmt":"2023-11-01T23:11:56","slug":"teilnehmer","status":"publish","type":"page","link":"https:\/\/certified-senders.org\/de\/teilnehmer\/","title":{"rendered":"Teilnehmer"},"content":{"rendered":"<div id=\"pl-684\"  class=\"panel-layout\" ><div id=\"pg-684-0\"  class=\"panel-grid panel-no-style\" ><div id=\"pgc-684-0-0\"  class=\"panel-grid-cell panel-grid-cell-empty\" ><\/div><\/div><div id=\"pg-684-1\"  class=\"panel-grid panel-no-style\" ><div id=\"pgc-684-1-0\"  class=\"panel-grid-cell\" ><div id=\"panel-684-1-0-0\" class=\"so-panel widget widget_sow-editor panel-first-child panel-last-child\" data-index=\"0\" ><div\n\t\t\t\n\t\t\tclass=\"so-widget-sow-editor so-widget-sow-editor-base\"\n\t\t\t\n\t\t>\n<div class=\"siteorigin-widget-tinymce textwidget\">\n\t<p>CSA Versender verpflichten sich, strenge rechtliche und technische Qualit\u00e4tsstandards (CSA Kriterien) einzuhalten. Folgende Versender haben innerhalb der letzten sechs Monate die zul\u00e4ssige Anzahl von Hinweisen aufgrund von Verst\u00f6\u00dfen gegen die CSA Kriterien \u00fcberschritten:<\/p>\n<\/div>\n<\/div><\/div><\/div><\/div><div id=\"pg-684-2\"  class=\"panel-grid panel-no-style\" ><div id=\"pgc-684-2-0\"  class=\"panel-grid-cell panel-grid-cell-empty\" ><\/div><\/div><\/div>","protected":false},"excerpt":{"rendered":"<p>CSA Versender verpflichten sich, strenge rechtliche und technische Qualit\u00e4tsstandards (CSA Kriterien) einzuhalten. Folgende Versender haben innerhalb der letzten sechs Monate die zul\u00e4ssige Anzahl von Hinweisen [&hellip;]<\/p>\n","protected":false},"author":2,"featured_media":0,"parent":0,"menu_order":0,"comment_status":"closed","ping_status":"closed","template":"participants-page.php","meta":{"footnotes":""},"yoast_head":"<!-- This site is optimized with the Yoast SEO plugin v23.0 - https:\/\/yoast.com\/wordpress\/plugins\/seo\/ -->\n<title>Teilnehmer - Certified Senders Alliance<\/title>\n<meta name=\"robots\" content=\"index, follow, max-snippet:-1, max-image-preview:large, max-video-preview:-1\" \/>\n<link rel=\"canonical\" href=\"https:\/\/certified-senders.org\/de\/teilnehmer\/\" \/>\n<meta property=\"og:locale\" content=\"de_DE\" \/>\n<meta property=\"og:type\" content=\"article\" \/>\n<meta property=\"og:title\" content=\"Teilnehmer - Certified Senders Alliance\" \/>\n<meta property=\"og:description\" content=\"CSA Versender verpflichten sich, strenge rechtliche und technische Qualit\u00e4tsstandards (CSA Kriterien) einzuhalten. Folgende Versender haben innerhalb der letzten sechs Monate die zul\u00e4ssige Anzahl von Hinweisen [&hellip;]\" \/>\n<meta property=\"og:url\" content=\"https:\/\/certified-senders.org\/de\/teilnehmer\/\" \/>\n<meta property=\"og:site_name\" content=\"Certified Senders Alliance\" \/>\n<meta property=\"article:modified_time\" content=\"2023-11-01T23:11:56+00:00\" \/>\n<meta name=\"twitter:card\" content=\"summary_large_image\" \/>\n<meta name=\"twitter:label1\" content=\"Gesch\u00e4tzte Lesezeit\" \/>\n\t<meta name=\"twitter:data1\" content=\"1\u00a0Minute\" \/>\n<script type=\"application\/ld+json\" class=\"yoast-schema-graph\">{\"@context\":\"https:\/\/schema.org\",\"@graph\":[{\"@type\":\"WebPage\",\"@id\":\"https:\/\/certified-senders.org\/de\/teilnehmer\/\",\"url\":\"https:\/\/certified-senders.org\/de\/teilnehmer\/\",\"name\":\"Teilnehmer - Certified Senders Alliance\",\"isPartOf\":{\"@id\":\"https:\/\/certified-senders.org\/de\/#website\"},\"datePublished\":\"2017-05-08T10:11:51+00:00\",\"dateModified\":\"2023-11-01T23:11:56+00:00\",\"breadcrumb\":{\"@id\":\"https:\/\/certified-senders.org\/de\/teilnehmer\/#breadcrumb\"},\"inLanguage\":\"de\",\"potentialAction\":[{\"@type\":\"ReadAction\",\"target\":[\"https:\/\/certified-senders.org\/de\/teilnehmer\/\"]}]},{\"@type\":\"BreadcrumbList\",\"@id\":\"https:\/\/certified-senders.org\/de\/teilnehmer\/#breadcrumb\",\"itemListElement\":[{\"@type\":\"ListItem\",\"position\":1,\"name\":\"Home\",\"item\":\"https:\/\/certified-senders.org\/de\/\"},{\"@type\":\"ListItem\",\"position\":2,\"name\":\"Teilnehmer\"}]},{\"@type\":\"WebSite\",\"@id\":\"https:\/\/certified-senders.org\/de\/#website\",\"url\":\"https:\/\/certified-senders.org\/de\/\",\"name\":\"Certified Senders Alliance\",\"description\":\"Certified Senders Alliance\",\"potentialAction\":[{\"@type\":\"SearchAction\",\"target\":{\"@type\":\"EntryPoint\",\"urlTemplate\":\"https:\/\/certified-senders.org\/de\/?s={search_term_string}\"},\"query-input\":\"required name=search_term_string\"}],\"inLanguage\":\"de\"}]}<\/script>\n<!-- \/ Yoast SEO plugin. -->","yoast_head_json":{"title":"Teilnehmer - Certified Senders Alliance","robots":{"index":"index","follow":"follow","max-snippet":"max-snippet:-1","max-image-preview":"max-image-preview:large","max-video-preview":"max-video-preview:-1"},"canonical":"https:\/\/certified-senders.org\/de\/teilnehmer\/","og_locale":"de_DE","og_type":"article","og_title":"Teilnehmer - Certified Senders Alliance","og_description":"CSA Versender verpflichten sich, strenge rechtliche und technische Qualit\u00e4tsstandards (CSA Kriterien) einzuhalten. Folgende Versender haben innerhalb der letzten sechs Monate die zul\u00e4ssige Anzahl von Hinweisen [&hellip;]","og_url":"https:\/\/certified-senders.org\/de\/teilnehmer\/","og_site_name":"Certified Senders Alliance","article_modified_time":"2023-11-01T23:11:56+00:00","twitter_card":"summary_large_image","twitter_misc":{"Gesch\u00e4tzte Lesezeit":"1\u00a0Minute"},"schema":{"@context":"https:\/\/schema.org","@graph":[{"@type":"WebPage","@id":"https:\/\/certified-senders.org\/de\/teilnehmer\/","url":"https:\/\/certified-senders.org\/de\/teilnehmer\/","name":"Teilnehmer - Certified Senders Alliance","isPartOf":{"@id":"https:\/\/certified-senders.org\/de\/#website"},"datePublished":"2017-05-08T10:11:51+00:00","dateModified":"2023-11-01T23:11:56+00:00","breadcrumb":{"@id":"https:\/\/certified-senders.org\/de\/teilnehmer\/#breadcrumb"},"inLanguage":"de","potentialAction":[{"@type":"ReadAction","target":["https:\/\/certified-senders.org\/de\/teilnehmer\/"]}]},{"@type":"BreadcrumbList","@id":"https:\/\/certified-senders.org\/de\/teilnehmer\/#breadcrumb","itemListElement":[{"@type":"ListItem","position":1,"name":"Home","item":"https:\/\/certified-senders.org\/de\/"},{"@type":"ListItem","position":2,"name":"Teilnehmer"}]},{"@type":"WebSite","@id":"https:\/\/certified-senders.org\/de\/#website","url":"https:\/\/certified-senders.org\/de\/","name":"Certified Senders Alliance","description":"Certified Senders Alliance","potentialAction":[{"@type":"SearchAction","target":{"@type":"EntryPoint","urlTemplate":"https:\/\/certified-senders.org\/de\/?s={search_term_string}"},"query-input":"required name=search_term_string"}],"inLanguage":"de"}]}},"_links":{"self":[{"href":"https:\/\/certified-senders.org\/de\/wp-json\/wp\/v2\/pages\/684"}],"collection":[{"href":"https:\/\/certified-senders.org\/de\/wp-json\/wp\/v2\/pages"}],"about":[{"href":"https:\/\/certified-senders.org\/de\/wp-json\/wp\/v2\/types\/page"}],"author":[{"embeddable":true,"href":"https:\/\/certified-senders.org\/de\/wp-json\/wp\/v2\/users\/2"}],"replies":[{"embeddable":true,"href":"https:\/\/certified-senders.org\/de\/wp-json\/wp\/v2\/comments?post=684"}],"version-history":[{"count":7,"href":"https:\/\/certified-senders.org\/de\/wp-json\/wp\/v2\/pages\/684\/revisions"}],"predecessor-version":[{"id":8156,"href":"https:\/\/certified-senders.org\/de\/wp-json\/wp\/v2\/pages\/684\/revisions\/8156"}],"wp:attachment":[{"href":"https:\/\/certified-senders.org\/de\/wp-json\/wp\/v2\/media?parent=684"}],"curies":[{"name":"wp","href":"https:\/\/api.w.org\/{rel}","templated":true}]}}