{"id":700,"date":"2017-05-08T10:16:20","date_gmt":"2017-05-08T10:16:20","guid":{"rendered":"https:\/\/certified-senders.eu\/?page_id=700\/"},"modified":"2017-07-17T12:21:43","modified_gmt":"2017-07-17T12:21:43","slug":"terms-of-use","status":"publish","type":"page","link":"https:\/\/certified-senders.org\/de\/terms-of-use\/","title":{"rendered":"Nutzungsbedingungen"},"content":{"rendered":"<p>Nutzungsbedingungen<\/p>\n<p>Wir freuen uns sehr, Sie als Besucher auf dieser Internet-Seite nebst der Teilbereiche, den Webseiten des Projektes \u201eCertified Senders Alliance\u201c (im Folgenden \u201eCSA-Webseiten\u201c) begr\u00fc\u00dfen zu d\u00fcrfen. Wir hoffen, dass auch Sie von unseren Angeboten profitieren und viele Anregungen f\u00fcr die Gestaltung Ihrer gesch\u00e4ftlichen T\u00e4tigkeit mitnehmen.<\/p>\n<p>Die CSA-Webseiten werden von eco \u2013 Verband der Internetwirtschaft e.V. (im Folgenden \u201eeco\u201c), Lichtstra\u00dfe 43h in 50825 K\u00f6ln betrieben. F\u00fcr die Nutzung der CSA-Webseiten gelten die nachfolgenden Nutzungsbedingungen.<\/p>\n<p>Bitte nehmen Sie sich ein wenig Zeit, diese Ausf\u00fchrungen sorgf\u00e4ltig durchzulesen, auf Wunsch k\u00f6nnen Sie sich auch per Mausklick einen Ausdruck erstellen oder diese Bedingungen speichern.<\/p>\n<p>I. Allgemeines<\/p>\n<p>Die Nutzung der CSA-Webseiten ist ausschlie\u00dflich aufgrund der nachstehenden Nutzungsbedingungen zul\u00e4ssig. Mit dem Log-in, oder, falls ein gesonderter Log-in nicht erforderlich sein sollte, durch Aufnahme der Nutzung wird die Geltung dieser Nutzungsbedingungen in ihrer jeweiligen Fassung vom Nutzer akzeptiert. Die Nutzung der CSA-Webseiten erfolgt auf eigene Gefahr.<\/p>\n<p>II. Zugang zu den CSA-Webseiten<\/p>\n<p>Aufgrund der Beschaffenheit des Internets und von Computersystemen \u00fcbernimmt eco keine Gew\u00e4hr f\u00fcr die ununterbrochene Verf\u00fcgbarkeit der CSA-Webseiten. eco beh\u00e4lt sich \u00fcberdies das Recht vor, den Betrieb bzw. die Bereitstellung der CSA-Webseiten jederzeit und ohne weiteres ganz oder teilweise einzustellen bzw. einzuschr\u00e4nken.<\/p>\n<p>III. Nutzung der bereitgestellten Inhalte und Informationen<\/p>\n<p>Alle von eco zur Verf\u00fcgung gestellten Informationen auf den CSA-Webseiten wurden mit gr\u00f6\u00dfter Sorgfalt und nach bestem Wissen und Gewissen recherchiert, zusammengestellt und, soweit sie von Dritten stammen, unver\u00e4ndert \u00fcbernommen. Dabei wurde insbesondere darauf Wert gelegt, zutreffende und aktuelle Informationen bereitzustellen. Gleichwohl k\u00f6nnen Fehler auftreten. Jeder Nutzer bleibt selbst f\u00fcr die \u00dcberpr\u00fcfung der Richtigkeit, Vollst\u00e4ndigkeit und Aktualit\u00e4t der zur Verf\u00fcgung gestellten Informationen verantwortlich. eco \u00fcbernimmt keine Gew\u00e4hr f\u00fcr Aktualit\u00e4t, Richtigkeit und Vollst\u00e4ndigkeit der Informationen. Weiter weisen wir darauf hin, dass die Informationen auf den CSA-Webseiten allgemeiner Art und nicht auf die besonderen Bed\u00fcrfnisse im Einzelfall abgestimmt sind.<\/p>\n<p>Eine Haftung von eco wegen Unvollst\u00e4ndigkeit, mangelnder Aktualit\u00e4t oder Fehlerhaftigkeit der Informationen, sowie eine Haftung f\u00fcr etwaige Folgen einer m\u00f6glichen Fehlinterpretation der zur Verf\u00fcgung gestellten Informationen durch den Nutzer ist auf F\u00e4lle der groben Fahrl\u00e4ssigkeit und des Vorsatzes seitens eco beschr\u00e4nkt.<\/p>\n<p>Der Nutzer hat im Rahmen der Nutzung der CSA-Webseiten dar\u00fcber hinaus sicherzustellen, dass er durch die Nutzung bzw. damit verbundene Handlungen unter keinen Umst\u00e4nden:<br \/>\n\u2013 Personen, insbesondere Minderj\u00e4hrigen, Schaden zuf\u00fcgt oder deren Pers\u00f6nlichkeitsrechte verletzt;<br \/>\n\u2013 gegen die guten Sitten verst\u00f6\u00dft;<br \/>\n\u2013 gewerbliche Schutz- und Urheberrechte oder sonstige Eigentumsrechte verletzt;<br \/>\n\u2013 Inhalte mit Viren, sog. Trojanischen Pferden oder sonstige Programmierungen, die Software besch\u00e4digen k\u00f6nnen, \u00fcbermittelt;<br \/>\n\u2013 Hyperlinks oder Inhalte eingibt, speichert oder sendet, zu deren Eingabe, Speicherung oder Sendung der Nutzer nicht befugt ist, insbesondere wenn diese Hyperlinks oder Inhalte gegen Geheimhaltungsverpflichtungen versto\u00dfen, rechts- oder vertragswidrig bzw. schlichtweg bewusst falsch sind; und\/oder<br \/>\n\u2013 Werbung oder unaufgeforderte E-Mails (sog. \u201cSpam\u201d) oder unzutreffende Warnungen vor Viren, Fehlfunktionen und dergleichen verbreitet oder zur Teilnahme an Gewinnspielen, Schneeballsystemen, Kettenbrief-, Pyramidenspiel- und vergleichbaren Aktionen auffordert.<\/p>\n<p>eco haftet nicht f\u00fcr Sch\u00e4den, die infolge eines Missbrauchs des Informationsangebotes durch den Nutzer entstehen.<\/p>\n<p>IV. Urheberrechte, Marken, Logos<\/p>\n<p>Inhalt und Struktur der CSA-Webseiten, insbesondere auch die verwendeten Logos sind urheberrechtlich gesch\u00fctzt. Alle Rechte sind vorbehalten. Alle auf den CSA-Webseiten ver\u00f6ffentlichten Informationen (Text, Bild, Grafik, Ton, Video oder Animationsdateien) werden den Nutzern, \u2013 soweit nicht anders angegeben \u2013, freizug\u00e4nglich und unentgeltlich zur Verf\u00fcgung gestellt. Jeder Nutzer darf die angebotenen Informationen zu eigenen Informationszwecken nutzen und dokumentieren (Download). Jede andere Nutzung oder Verwertung der Informationen, insbesondere die Vervielf\u00e4ltigung, \u00c4nderung oder die Einbindung in Ver\u00f6ffentlichungen oder Webauftritte jedweder Art ist nur mit vorheriger Zustimmung von eco oder des jeweiligen Informationseigent\u00fcmers gestattet.<\/p>\n<p>eco weist darauf hin, dass weitere Schutzrechte (insb. Marken- und Namensrechte) ausnahmslos bei eco verbleiben.<\/p>\n<p>V. Hyperlinks und Verweise auf andere Websites<\/p>\n<p>Die CSA-Webseiten k\u00f6nnen Links und\/oder andere Verweisungen auf Websites Dritter enthalten.<\/p>\n<p>Wenn Sie bestimmte Links auf den CSA-Webseiten benutzen, verlassen Sie eventuell die CSA-Websiten. eco \u00fcbernimmt keine Garantie f\u00fcr die Richtigkeit, Genauigkeit, Zuverl\u00e4ssigkeit und Vollst\u00e4ndigkeit von Informationen auf Websites, auf die \u00fcber Links verwiesen wurde und lehnt ausdr\u00fccklich jegliche Haftung f\u00fcr darin enthaltene Fehler oder Auslassungen ab, da eco auf die verlinkten Inhalte und Informationen keinen Einfluss hat und diese nicht regelm\u00e4\u00dfig kontrolliert. Ein Hyperlink auf eine andere Website ist lediglich als Hilfe zu verstehen und impliziert nicht, dass eco die Website, die Produkte oder die Dienstleistungen, die dort beschrieben werden, billigt oder f\u00fcr richtig befindet.<\/p>\n<p>VI. Setzen von Links auf CSA-Webseiten<\/p>\n<p>Ein Link auf die CSA-Webseiten, auch in der Form von Deeplinks, darf nur dann gesetzt werden, wenn dadurch keine Rechte von eco, der anderen von eco beherrschten Unternehmen oder Partner der CSA verletzt werden, insbesondere Urheber-, Leistungsschutz- oder Kennzeichenrechte.<\/p>\n<p>VII. Wichtiger Hinweis zu Computerviren, Trojanern und sonstigen Sch\u00e4dlingen<\/p>\n<p>Obgleich sich eco stets bem\u00fcht, die CSA-Webseiten sch\u00e4dlingsfrei zu halten, kann eco keine Garantie bzw. Haftung f\u00fcr die Sch\u00e4dlingsfreiheit der CSA-Webseiten \u00fcbernehmen. Vor dem Herunterladen von Informationen, Software und Dokumentation wird der Nutzer zum eigenen Schutz, aber auch zur Verhinderung einer Einschleusung von Sch\u00e4dlingen auf die CSA-Webseiten, f\u00fcr angemessene Sicherheitsvorkehrungen, insbesondere den Einsatz angemessener Virenscanner sorgen.<\/p>\n<p>VIII. Regelungen zur Nutzung und Verantwortung im Rahmen von Passw\u00f6rtern<\/p>\n<p>Der Nutzer ist f\u00fcr den Schutz eines ggf. zur Nutzung bestimmter Bereiche der CSA-Webseiten erteilten Kennwortes vor missbr\u00e4uchlicher Verwendung allein verantwortlich. Erh\u00e4lt ein Nutzer Kenntnis, dass sein Kennwort unbeabsichtigt unbefugten Dritten bekannt geworden ist, oder eine sonstige Gefahr der missbr\u00e4uchlichen Verwendung besteht, hat er dies eco unverz\u00fcglich mitzuteilen. eco wird daraufhin angemessene Ma\u00dfnahmen ergreifen um das betroffene Passwort zu sperren. Unabh\u00e4ngig davon haftet eco jedoch nicht f\u00fcr Sch\u00e4den, die aus dem etwaigen Missbrauch von Passw\u00f6rtern entstehen, es sei denn, ein solcher Missbrauch wurde durch ein grob fahrl\u00e4ssiges oder vors\u00e4tzliches Verhalten von eco oder eines Erf\u00fcllungsgehilfen von eco verursacht. eco ist dar\u00fcber hinaus jederzeit berechtigt, die Zugangsberechtigung durch Sperrung der Zugangsdaten zu widerrufen oder zu beschr\u00e4nken, ohne dass es hierf\u00fcr der Angabe von Gr\u00fcnden bedarf.<\/p>\n<p>IX. Datenschutz<\/p>\n<p>eco beachtet bei der Erhebung, bei der Nutzung und bei der Verarbeitung personenbezogener Daten des Nutzers der CSA-Webseiten, die anwendbaren datenschutzrechtlichen Bestimmungen sowie die CSA-Datenschutzbestimmungen, die \u00fcber Hyperlinks auf den CSA-Webseiten eingesehen werden kann.<\/p>\n<p>X. Schlussbestimmungen<\/p>\n<p>eco beh\u00e4lt sich vor, diese Nutzungsbedingungen und andere auf den CSA-Webseiten enthaltenen Informationen jederzeit und ohne vorherige Ank\u00fcndigung zu \u00e4ndern oder zu aktualisieren. Das gilt auch f\u00fcr Verbesserungen oder \u00c4nderungen an den auf dieser Website beschriebenen Produkten, Services oder Initiativen.<\/p>\n<p>Nebenabreden bed\u00fcrfen der Schriftform.<\/p>\n<p>Gerichtsstand ist, wenn der Nutzer Kaufmann im Sinne des Handelsgesetzbuches ist, K\u00f6ln.<\/p>\n<p>Es gilt deutsches Recht unter Ausschluss des UN-Kaufrechts.<\/p>\n<p>eco \u2013 Verband der Internetwirtschaft e.V.<br \/>\nLichtstra\u00dfe 43h<br \/>\n50825 K\u00f6ln<\/p>\n<p>Tel.: 0221 \/ 70 00 48 \u2013 0<br \/>\nFax: 0221 \/ 70 00 48 \u2013 111<br \/>\nE-Mail: info@helpdesk.certified-senders.eu<br \/>\nWeb: http:\/\/www.eco.de\/<\/p>\n<p>K\u00f6ln, Stand: August 2007<\/p>\n","protected":false},"excerpt":{"rendered":"<p>Nutzungsbedingungen Wir freuen uns sehr, Sie als Besucher auf dieser Internet-Seite nebst der Teilbereiche, den Webseiten des Projektes \u201eCertified Senders Alliance\u201c (im Folgenden \u201eCSA-Webseiten\u201c) begr\u00fc\u00dfen [&hellip;]<\/p>\n","protected":false},"author":2,"featured_media":0,"parent":0,"menu_order":0,"comment_status":"closed","ping_status":"closed","template":"","meta":{"footnotes":""},"yoast_head":"<!-- This site is optimized with the Yoast SEO plugin v23.0 - https:\/\/yoast.com\/wordpress\/plugins\/seo\/ -->\n<title>Nutzungsbedingungen - Certified Senders Alliance<\/title>\n<meta name=\"robots\" content=\"index, follow, max-snippet:-1, max-image-preview:large, max-video-preview:-1\" \/>\n<link rel=\"canonical\" href=\"https:\/\/certified-senders.org\/de\/terms-of-use\/\" \/>\n<meta property=\"og:locale\" content=\"de_DE\" \/>\n<meta property=\"og:type\" content=\"article\" \/>\n<meta property=\"og:title\" content=\"Nutzungsbedingungen - Certified Senders Alliance\" \/>\n<meta property=\"og:description\" content=\"Nutzungsbedingungen Wir freuen uns sehr, Sie als Besucher auf dieser Internet-Seite nebst der Teilbereiche, den Webseiten des Projektes \u201eCertified Senders Alliance\u201c (im Folgenden \u201eCSA-Webseiten\u201c) begr\u00fc\u00dfen [&hellip;]\" \/>\n<meta property=\"og:url\" content=\"https:\/\/certified-senders.org\/de\/terms-of-use\/\" \/>\n<meta property=\"og:site_name\" content=\"Certified Senders Alliance\" \/>\n<meta property=\"article:modified_time\" content=\"2017-07-17T12:21:43+00:00\" \/>\n<meta name=\"twitter:card\" content=\"summary_large_image\" \/>\n<meta name=\"twitter:label1\" content=\"Gesch\u00e4tzte Lesezeit\" \/>\n\t<meta name=\"twitter:data1\" content=\"6\u00a0Minuten\" \/>\n<script type=\"application\/ld+json\" class=\"yoast-schema-graph\">{\"@context\":\"https:\/\/schema.org\",\"@graph\":[{\"@type\":\"WebPage\",\"@id\":\"https:\/\/certified-senders.org\/de\/terms-of-use\/\",\"url\":\"https:\/\/certified-senders.org\/de\/terms-of-use\/\",\"name\":\"Nutzungsbedingungen - Certified Senders Alliance\",\"isPartOf\":{\"@id\":\"https:\/\/certified-senders.org\/de\/#website\"},\"datePublished\":\"2017-05-08T10:16:20+00:00\",\"dateModified\":\"2017-07-17T12:21:43+00:00\",\"breadcrumb\":{\"@id\":\"https:\/\/certified-senders.org\/de\/terms-of-use\/#breadcrumb\"},\"inLanguage\":\"de\",\"potentialAction\":[{\"@type\":\"ReadAction\",\"target\":[\"https:\/\/certified-senders.org\/de\/terms-of-use\/\"]}]},{\"@type\":\"BreadcrumbList\",\"@id\":\"https:\/\/certified-senders.org\/de\/terms-of-use\/#breadcrumb\",\"itemListElement\":[{\"@type\":\"ListItem\",\"position\":1,\"name\":\"Home\",\"item\":\"https:\/\/certified-senders.org\/de\/\"},{\"@type\":\"ListItem\",\"position\":2,\"name\":\"Nutzungsbedingungen\"}]},{\"@type\":\"WebSite\",\"@id\":\"https:\/\/certified-senders.org\/de\/#website\",\"url\":\"https:\/\/certified-senders.org\/de\/\",\"name\":\"Certified Senders Alliance\",\"description\":\"Certified Senders Alliance\",\"potentialAction\":[{\"@type\":\"SearchAction\",\"target\":{\"@type\":\"EntryPoint\",\"urlTemplate\":\"https:\/\/certified-senders.org\/de\/?s={search_term_string}\"},\"query-input\":\"required name=search_term_string\"}],\"inLanguage\":\"de\"}]}<\/script>\n<!-- \/ Yoast SEO plugin. -->","yoast_head_json":{"title":"Nutzungsbedingungen - Certified Senders Alliance","robots":{"index":"index","follow":"follow","max-snippet":"max-snippet:-1","max-image-preview":"max-image-preview:large","max-video-preview":"max-video-preview:-1"},"canonical":"https:\/\/certified-senders.org\/de\/terms-of-use\/","og_locale":"de_DE","og_type":"article","og_title":"Nutzungsbedingungen - Certified Senders Alliance","og_description":"Nutzungsbedingungen Wir freuen uns sehr, Sie als Besucher auf dieser Internet-Seite nebst der Teilbereiche, den Webseiten des Projektes \u201eCertified Senders Alliance\u201c (im Folgenden \u201eCSA-Webseiten\u201c) begr\u00fc\u00dfen [&hellip;]","og_url":"https:\/\/certified-senders.org\/de\/terms-of-use\/","og_site_name":"Certified Senders Alliance","article_modified_time":"2017-07-17T12:21:43+00:00","twitter_card":"summary_large_image","twitter_misc":{"Gesch\u00e4tzte Lesezeit":"6\u00a0Minuten"},"schema":{"@context":"https:\/\/schema.org","@graph":[{"@type":"WebPage","@id":"https:\/\/certified-senders.org\/de\/terms-of-use\/","url":"https:\/\/certified-senders.org\/de\/terms-of-use\/","name":"Nutzungsbedingungen - Certified Senders Alliance","isPartOf":{"@id":"https:\/\/certified-senders.org\/de\/#website"},"datePublished":"2017-05-08T10:16:20+00:00","dateModified":"2017-07-17T12:21:43+00:00","breadcrumb":{"@id":"https:\/\/certified-senders.org\/de\/terms-of-use\/#breadcrumb"},"inLanguage":"de","potentialAction":[{"@type":"ReadAction","target":["https:\/\/certified-senders.org\/de\/terms-of-use\/"]}]},{"@type":"BreadcrumbList","@id":"https:\/\/certified-senders.org\/de\/terms-of-use\/#breadcrumb","itemListElement":[{"@type":"ListItem","position":1,"name":"Home","item":"https:\/\/certified-senders.org\/de\/"},{"@type":"ListItem","position":2,"name":"Nutzungsbedingungen"}]},{"@type":"WebSite","@id":"https:\/\/certified-senders.org\/de\/#website","url":"https:\/\/certified-senders.org\/de\/","name":"Certified Senders Alliance","description":"Certified Senders Alliance","potentialAction":[{"@type":"SearchAction","target":{"@type":"EntryPoint","urlTemplate":"https:\/\/certified-senders.org\/de\/?s={search_term_string}"},"query-input":"required name=search_term_string"}],"inLanguage":"de"}]}},"_links":{"self":[{"href":"https:\/\/certified-senders.org\/de\/wp-json\/wp\/v2\/pages\/700"}],"collection":[{"href":"https:\/\/certified-senders.org\/de\/wp-json\/wp\/v2\/pages"}],"about":[{"href":"https:\/\/certified-senders.org\/de\/wp-json\/wp\/v2\/types\/page"}],"author":[{"embeddable":true,"href":"https:\/\/certified-senders.org\/de\/wp-json\/wp\/v2\/users\/2"}],"replies":[{"embeddable":true,"href":"https:\/\/certified-senders.org\/de\/wp-json\/wp\/v2\/comments?post=700"}],"version-history":[{"count":3,"href":"https:\/\/certified-senders.org\/de\/wp-json\/wp\/v2\/pages\/700\/revisions"}],"predecessor-version":[{"id":1945,"href":"https:\/\/certified-senders.org\/de\/wp-json\/wp\/v2\/pages\/700\/revisions\/1945"}],"wp:attachment":[{"href":"https:\/\/certified-senders.org\/de\/wp-json\/wp\/v2\/media?parent=700"}],"curies":[{"name":"wp","href":"https:\/\/api.w.org\/{rel}","templated":true}]}}