{"id":733,"date":"2017-05-08T10:44:59","date_gmt":"2017-05-08T10:44:59","guid":{"rendered":"https:\/\/certified-senders.eu\/?page_id=733\/"},"modified":"2017-08-01T13:02:47","modified_gmt":"2017-08-01T13:02:47","slug":"events","status":"publish","type":"page","link":"https:\/\/certified-senders.org\/de\/events\/","title":{"rendered":"Events"},"content":{"rendered":"<div id=\"pl-733\"  class=\"panel-layout\" ><div id=\"pg-733-0\"  class=\"panel-grid panel-no-style\" ><div id=\"pgc-733-0-0\"  class=\"panel-grid-cell\" ><div id=\"panel-733-0-0-0\" class=\"so-panel widget widget_metaslider_widget panel-first-child panel-last-child\" data-index=\"0\" ><div id=\"metaslider-id-1554\" style=\"max-width: 1170px;\" class=\"ml-slider-3-108-0 metaslider metaslider-flex metaslider-1554 ml-slider has-dots-nav ms-theme-default\" role=\"region\" aria-label=\"Events\" data-height=\"390\" data-width=\"1170\">\n    <div id=\"metaslider_container_1554\">\n        <div id=\"metaslider_1554\">\n            <ul class='slides'>\n                <li style=\"display: block; width: 100%;\" class=\"slide-2371 ms-image \" aria-roledescription=\"slide\" data-date=\"2017-08-01 12:59:22\" data-filename=\"Events_header.jpg\" data-slide-type=\"image\"><img loading=\"lazy\" decoding=\"async\" src=\"https:\/\/certified-senders.org\/wp-content\/uploads\/2023\/01\/Events_header.jpg\" height=\"390\" width=\"1170\" alt=\"\" class=\"slider-1554 slide-2371 msDefaultImage\" \/><\/li>\n            <\/ul>\n        <\/div>\n        \n    <\/div>\n<\/div><\/div><\/div><\/div><div id=\"pg-733-1\"  class=\"panel-grid panel-no-style\" ><div id=\"pgc-733-1-0\"  class=\"panel-grid-cell\" ><div id=\"panel-733-1-0-0\" class=\"so-panel widget widget_siteorigin-panels-postloop panel-first-child panel-last-child\" data-index=\"1\" ><!-- default loop -->\n<div class=\"event-vertical-list\">\n            <div class=\"news__entry\">\n            <article>\n                                <a href=\"https:\/\/certified-senders.org\/de\/event\/email-marketing-automation-summit-emas-by-ddma\/\">\n                    <div class=\"row\">\n                        <div class=\"col-md-3 col-sm-3\">\n                            <div class=\"event_info\">\n                                                                <span class=\"headline\">Datum<\/span>\n                                <span class=\"value\">11.06.2026 - 11.06.2026<\/span>\n                                                                                                <span class=\"headline\">Ort<\/span>\n                                <span class=\"value\">Amsterdam<\/span>\n                                                            <\/div>\n                        <\/div>\n                        <div class=\"col-md-6 col-sm-6\">\n                            <header>\n                                <h2>Email Marketing Automation Summit (EMAS by DDMA)<\/h2>\n                            <\/header>\n                            <p>Das CSA-Team wird wird auf der EMAS in Amsterdam anwesend sein. Ganz gleich, ob Sie Fragen zu unseren Services haben oder sich einfach nur mit [&hellip;]<\/p>\n                        <\/div>\n                        <div class=\"col-md-3 col-sm-3\">\n                                                            <img loading=\"lazy\" decoding=\"async\" width=\"200\" height=\"200\" src=\"https:\/\/certified-senders.org\/wp-content\/uploads\/2024\/06\/ddma_email_marketing_automation_summit_logo.jpeg\" class=\"attachment-post-thumbnail size-post-thumbnail wp-post-image\" alt=\"\" srcset=\"https:\/\/certified-senders.org\/wp-content\/uploads\/2024\/06\/ddma_email_marketing_automation_summit_logo.jpeg 200w, https:\/\/certified-senders.org\/wp-content\/uploads\/2024\/06\/ddma_email_marketing_automation_summit_logo-150x150.jpeg 150w\" sizes=\"(max-width: 200px) 100vw, 200px\" \/>                                                    <\/div>\n                    <\/div>\n                <\/a>\n            <\/article>\n        <\/div>\n            <div class=\"news__entry\">\n            <article>\n                                <a href=\"https:\/\/certified-senders.org\/de\/event\/k5\/\">\n                    <div class=\"row\">\n                        <div class=\"col-md-3 col-sm-3\">\n                            <div class=\"event_info\">\n                                                                <span class=\"headline\">Datum<\/span>\n                                <span class=\"value\">24.06.2026 - 25.06.2026<\/span>\n                                                                                                <span class=\"headline\">Ort<\/span>\n                                <span class=\"value\">Berlin<\/span>\n                                                            <\/div>\n                        <\/div>\n                        <div class=\"col-md-6 col-sm-6\">\n                            <header>\n                                <h2>k5<\/h2>\n                            <\/header>\n                            <p>Das CSA-Team wird auf der k5 it anwesend sein und f\u00fcr ein Gespr\u00e4ch mit Ihnen zur Verf\u00fcgung stehen. Ob Sie Fragen zu unseren Dienstleistungen haben [&hellip;]<\/p>\n                        <\/div>\n                        <div class=\"col-md-3 col-sm-3\">\n                                                            <img loading=\"lazy\" decoding=\"async\" width=\"1498\" height=\"544\" src=\"https:\/\/certified-senders.org\/wp-content\/uploads\/2026\/03\/k5-logo-main-farbe-2.png\" class=\"attachment-post-thumbnail size-post-thumbnail wp-post-image\" alt=\"\" srcset=\"https:\/\/certified-senders.org\/wp-content\/uploads\/2026\/03\/k5-logo-main-farbe-2.png 1498w, https:\/\/certified-senders.org\/wp-content\/uploads\/2026\/03\/k5-logo-main-farbe-2-300x109.png 300w, https:\/\/certified-senders.org\/wp-content\/uploads\/2026\/03\/k5-logo-main-farbe-2-1024x372.png 1024w, https:\/\/certified-senders.org\/wp-content\/uploads\/2026\/03\/k5-logo-main-farbe-2-768x279.png 768w\" sizes=\"(max-width: 1498px) 100vw, 1498px\" \/>                                                    <\/div>\n                    <\/div>\n                <\/a>\n            <\/article>\n        <\/div>\n            <div class=\"news__entry\">\n            <article>\n                                <a href=\"https:\/\/certified-senders.org\/de\/event\/eco-interaction-day\/\">\n                    <div class=\"row\">\n                        <div class=\"col-md-3 col-sm-3\">\n                            <div class=\"event_info\">\n                                                                <span class=\"headline\">Datum<\/span>\n                                <span class=\"value\">02.07.2026 - 02.07.2026<\/span>\n                                                                                            <\/div>\n                        <\/div>\n                        <div class=\"col-md-6 col-sm-6\">\n                            <header>\n                                <h2>eco Interaction Day<\/h2>\n                            <\/header>\n                            <p>Wir freuen uns sehr, am diesj\u00e4hrigen eco Interaction Day teilzunehmen, der am 2. Juli in K\u00f6ln stattfindet. Seien Sie dabei und erleben Sie einen Tag [&hellip;]<\/p>\n                        <\/div>\n                        <div class=\"col-md-3 col-sm-3\">\n                                                            <img loading=\"lazy\" decoding=\"async\" width=\"1920\" height=\"1080\" src=\"https:\/\/certified-senders.org\/wp-content\/uploads\/2025\/06\/eco_interaction_day_2026.png\" class=\"attachment-post-thumbnail size-post-thumbnail wp-post-image\" alt=\"\" srcset=\"https:\/\/certified-senders.org\/wp-content\/uploads\/2025\/06\/eco_interaction_day_2026.png 1920w, https:\/\/certified-senders.org\/wp-content\/uploads\/2025\/06\/eco_interaction_day_2026-300x169.png 300w, https:\/\/certified-senders.org\/wp-content\/uploads\/2025\/06\/eco_interaction_day_2026-1024x576.png 1024w, https:\/\/certified-senders.org\/wp-content\/uploads\/2025\/06\/eco_interaction_day_2026-768x432.png 768w, https:\/\/certified-senders.org\/wp-content\/uploads\/2025\/06\/eco_interaction_day_2026-1536x864.png 1536w\" sizes=\"(max-width: 1920px) 100vw, 1920px\" \/>                                                    <\/div>\n                    <\/div>\n                <\/a>\n            <\/article>\n        <\/div>\n            <div class=\"news__entry\">\n            <article>\n                                <a href=\"https:\/\/certified-senders.org\/de\/event\/dmexco\/\">\n                    <div class=\"row\">\n                        <div class=\"col-md-3 col-sm-3\">\n                            <div class=\"event_info\">\n                                                                <span class=\"headline\">Datum<\/span>\n                                <span class=\"value\">23.09.2026 - 24.09.2026<\/span>\n                                                                                                <span class=\"headline\">Ort<\/span>\n                                <span class=\"value\">K\u00f6ln<\/span>\n                                                            <\/div>\n                        <\/div>\n                        <div class=\"col-md-6 col-sm-6\">\n                            <header>\n                                <h2>DMEXCO<\/h2>\n                            <\/header>\n                            <p>Wir werden auf der dmexco in K\u00f6ln sein. Nutzen Sie die Gelegenheit, mehr \u00fcber unsere Dienstleistungen zu erfahren oder einfach mit uns in Kontakt zu [&hellip;]<\/p>\n                        <\/div>\n                        <div class=\"col-md-3 col-sm-3\">\n                                                            <img loading=\"lazy\" decoding=\"async\" width=\"460\" height=\"360\" src=\"https:\/\/certified-senders.org\/wp-content\/uploads\/2019\/05\/DMEXCO-Events.png\" class=\"attachment-post-thumbnail size-post-thumbnail wp-post-image\" alt=\"\" srcset=\"https:\/\/certified-senders.org\/wp-content\/uploads\/2019\/05\/DMEXCO-Events.png 460w, https:\/\/certified-senders.org\/wp-content\/uploads\/2019\/05\/DMEXCO-Events-300x235.png 300w\" sizes=\"(max-width: 460px) 100vw, 460px\" \/>                                                    <\/div>\n                    <\/div>\n                <\/a>\n            <\/article>\n        <\/div>\n            <div class=\"news__entry\">\n            <article>\n                                <a href=\"https:\/\/certified-senders.org\/de\/event\/advanced-email-europe-conference\/\">\n                    <div class=\"row\">\n                        <div class=\"col-md-3 col-sm-3\">\n                            <div class=\"event_info\">\n                                                                <span class=\"headline\">Datum<\/span>\n                                <span class=\"value\">24.09.2026 - 24.09.2026<\/span>\n                                                                                                <span class=\"headline\">Ort<\/span>\n                                <span class=\"value\">Amsterdam<\/span>\n                                                            <\/div>\n                        <\/div>\n                        <div class=\"col-md-6 col-sm-6\">\n                            <header>\n                                <h2>Advanced Email Europe Conference<\/h2>\n                            <\/header>\n                                                    <\/div>\n                        <div class=\"col-md-3 col-sm-3\">\n                                                            <img loading=\"lazy\" decoding=\"async\" width=\"563\" height=\"533\" src=\"https:\/\/certified-senders.org\/wp-content\/uploads\/2026\/03\/Email-Logo-Europe-2026_1200px.jpg\" class=\"attachment-post-thumbnail size-post-thumbnail wp-post-image\" alt=\"\" srcset=\"https:\/\/certified-senders.org\/wp-content\/uploads\/2026\/03\/Email-Logo-Europe-2026_1200px.jpg 563w, https:\/\/certified-senders.org\/wp-content\/uploads\/2026\/03\/Email-Logo-Europe-2026_1200px-300x284.jpg 300w\" sizes=\"(max-width: 563px) 100vw, 563px\" \/>                                                    <\/div>\n                    <\/div>\n                <\/a>\n            <\/article>\n        <\/div>\n            <div class=\"news__entry\">\n            <article>\n                                <a href=\"https:\/\/certified-senders.org\/de\/event\/emday\/\">\n                    <div class=\"row\">\n                        <div class=\"col-md-3 col-sm-3\">\n                            <div class=\"event_info\">\n                                                                <span class=\"headline\">Datum<\/span>\n                                <span class=\"value\">07.10.2026 - 09.10.2026<\/span>\n                                                                                                <span class=\"headline\">Ort<\/span>\n                                <span class=\"value\">Biarritz<\/span>\n                                                            <\/div>\n                        <\/div>\n                        <div class=\"col-md-6 col-sm-6\">\n                            <header>\n                                <h2>EMDAY<\/h2>\n                            <\/header>\n                            <p>Sandra vom CSA-Team wird am EMDAY teilnehmen und einen Vortrag halten. Nutzen Sie diese Gelegenheit, um mehr \u00fcber unsere Services zu erfahren oder einfach mit [&hellip;]<\/p>\n                        <\/div>\n                        <div class=\"col-md-3 col-sm-3\">\n                                                            <img loading=\"lazy\" decoding=\"async\" width=\"496\" height=\"115\" src=\"https:\/\/certified-senders.org\/wp-content\/uploads\/2024\/06\/EMday.png\" class=\"attachment-post-thumbnail size-post-thumbnail wp-post-image\" alt=\"\" srcset=\"https:\/\/certified-senders.org\/wp-content\/uploads\/2024\/06\/EMday.png 496w, https:\/\/certified-senders.org\/wp-content\/uploads\/2024\/06\/EMday-300x70.png 300w\" sizes=\"(max-width: 496px) 100vw, 496px\" \/>                                                    <\/div>\n                    <\/div>\n                <\/a>\n            <\/article>\n        <\/div>\n            <div class=\"news__entry\">\n            <article>\n                                <a href=\"https:\/\/certified-senders.org\/de\/event\/csa-at-m3aawg-in-paris\/\">\n                    <div class=\"row\">\n                        <div class=\"col-md-3 col-sm-3\">\n                            <div class=\"event_info\">\n                                                                <span class=\"headline\">Datum<\/span>\n                                <span class=\"value\">26.10.2026 - 29.10.2026<\/span>\n                                                                                                <span class=\"headline\">Ort<\/span>\n                                <span class=\"value\">Paris<\/span>\n                                                            <\/div>\n                        <\/div>\n                        <div class=\"col-md-6 col-sm-6\">\n                            <header>\n                                <h2>CSA auf der M3AAWG in Paris<\/h2>\n                            <\/header>\n                            <p>Das CSA-Team wird wird auf der M3AAWG in Vacouver anwesend sein. Ganz gleich, ob Sie Fragen zu unseren Services haben oder sich einfach nur mit [&hellip;]<\/p>\n                        <\/div>\n                        <div class=\"col-md-3 col-sm-3\">\n                                                            <img loading=\"lazy\" decoding=\"async\" width=\"1200\" height=\"484\" src=\"https:\/\/certified-senders.org\/wp-content\/uploads\/2023\/11\/m3aawg-vert-highrez.png\" class=\"attachment-post-thumbnail size-post-thumbnail wp-post-image\" alt=\"\" srcset=\"https:\/\/certified-senders.org\/wp-content\/uploads\/2023\/11\/m3aawg-vert-highrez.png 1200w, https:\/\/certified-senders.org\/wp-content\/uploads\/2023\/11\/m3aawg-vert-highrez-300x121.png 300w, https:\/\/certified-senders.org\/wp-content\/uploads\/2023\/11\/m3aawg-vert-highrez-1024x413.png 1024w, https:\/\/certified-senders.org\/wp-content\/uploads\/2023\/11\/m3aawg-vert-highrez-768x310.png 768w\" sizes=\"(max-width: 1200px) 100vw, 1200px\" \/>                                                    <\/div>\n                    <\/div>\n                <\/a>\n            <\/article>\n        <\/div>\n    <\/div>\n\n<!-- end default loop --><\/div><\/div><\/div><\/div>","protected":false},"excerpt":{"rendered":"<p>Datum 11.06.2026 &#8211; 11.06.2026 Ort Amsterdam Email Marketing Automation Summit (EMAS by DDMA) Das CSA-Team wird wird auf der EMAS in Amsterdam anwesend sein. Ganz [&hellip;]<\/p>\n","protected":false},"author":2,"featured_media":0,"parent":0,"menu_order":0,"comment_status":"closed","ping_status":"closed","template":"full-width.php","meta":{"footnotes":""},"yoast_head":"<!-- This site is optimized with the Yoast SEO plugin v23.0 - https:\/\/yoast.com\/wordpress\/plugins\/seo\/ -->\n<title>Events - Certified Senders Alliance<\/title>\n<meta name=\"robots\" content=\"index, follow, max-snippet:-1, max-image-preview:large, max-video-preview:-1\" \/>\n<link rel=\"canonical\" href=\"https:\/\/certified-senders.org\/de\/events\/\" \/>\n<meta property=\"og:locale\" content=\"de_DE\" \/>\n<meta property=\"og:type\" content=\"article\" \/>\n<meta property=\"og:title\" content=\"Events - Certified Senders Alliance\" \/>\n<meta property=\"og:description\" content=\"Datum 11.06.2026 - 11.06.2026 Ort Amsterdam Email Marketing Automation Summit (EMAS by DDMA) Das CSA-Team wird wird auf der EMAS in Amsterdam anwesend sein. Ganz [&hellip;]\" \/>\n<meta property=\"og:url\" content=\"https:\/\/certified-senders.org\/de\/events\/\" \/>\n<meta property=\"og:site_name\" content=\"Certified Senders Alliance\" \/>\n<meta property=\"article:modified_time\" content=\"2017-08-01T13:02:47+00:00\" \/>\n<meta name=\"twitter:card\" content=\"summary_large_image\" \/>\n<script type=\"application\/ld+json\" class=\"yoast-schema-graph\">{\"@context\":\"https:\/\/schema.org\",\"@graph\":[{\"@type\":\"WebPage\",\"@id\":\"https:\/\/certified-senders.org\/de\/events\/\",\"url\":\"https:\/\/certified-senders.org\/de\/events\/\",\"name\":\"Events - Certified Senders Alliance\",\"isPartOf\":{\"@id\":\"https:\/\/certified-senders.org\/de\/#website\"},\"datePublished\":\"2017-05-08T10:44:59+00:00\",\"dateModified\":\"2017-08-01T13:02:47+00:00\",\"breadcrumb\":{\"@id\":\"https:\/\/certified-senders.org\/de\/events\/#breadcrumb\"},\"inLanguage\":\"de\",\"potentialAction\":[{\"@type\":\"ReadAction\",\"target\":[\"https:\/\/certified-senders.org\/de\/events\/\"]}]},{\"@type\":\"BreadcrumbList\",\"@id\":\"https:\/\/certified-senders.org\/de\/events\/#breadcrumb\",\"itemListElement\":[{\"@type\":\"ListItem\",\"position\":1,\"name\":\"Home\",\"item\":\"https:\/\/certified-senders.org\/de\/\"},{\"@type\":\"ListItem\",\"position\":2,\"name\":\"Events\"}]},{\"@type\":\"WebSite\",\"@id\":\"https:\/\/certified-senders.org\/de\/#website\",\"url\":\"https:\/\/certified-senders.org\/de\/\",\"name\":\"Certified Senders Alliance\",\"description\":\"Certified Senders Alliance\",\"potentialAction\":[{\"@type\":\"SearchAction\",\"target\":{\"@type\":\"EntryPoint\",\"urlTemplate\":\"https:\/\/certified-senders.org\/de\/?s={search_term_string}\"},\"query-input\":\"required name=search_term_string\"}],\"inLanguage\":\"de\"}]}<\/script>\n<!-- \/ Yoast SEO plugin. -->","yoast_head_json":{"title":"Events - Certified Senders Alliance","robots":{"index":"index","follow":"follow","max-snippet":"max-snippet:-1","max-image-preview":"max-image-preview:large","max-video-preview":"max-video-preview:-1"},"canonical":"https:\/\/certified-senders.org\/de\/events\/","og_locale":"de_DE","og_type":"article","og_title":"Events - Certified Senders Alliance","og_description":"Datum 11.06.2026 - 11.06.2026 Ort Amsterdam Email Marketing Automation Summit (EMAS by DDMA) Das CSA-Team wird wird auf der EMAS in Amsterdam anwesend sein. Ganz [&hellip;]","og_url":"https:\/\/certified-senders.org\/de\/events\/","og_site_name":"Certified Senders Alliance","article_modified_time":"2017-08-01T13:02:47+00:00","twitter_card":"summary_large_image","schema":{"@context":"https:\/\/schema.org","@graph":[{"@type":"WebPage","@id":"https:\/\/certified-senders.org\/de\/events\/","url":"https:\/\/certified-senders.org\/de\/events\/","name":"Events - Certified Senders Alliance","isPartOf":{"@id":"https:\/\/certified-senders.org\/de\/#website"},"datePublished":"2017-05-08T10:44:59+00:00","dateModified":"2017-08-01T13:02:47+00:00","breadcrumb":{"@id":"https:\/\/certified-senders.org\/de\/events\/#breadcrumb"},"inLanguage":"de","potentialAction":[{"@type":"ReadAction","target":["https:\/\/certified-senders.org\/de\/events\/"]}]},{"@type":"BreadcrumbList","@id":"https:\/\/certified-senders.org\/de\/events\/#breadcrumb","itemListElement":[{"@type":"ListItem","position":1,"name":"Home","item":"https:\/\/certified-senders.org\/de\/"},{"@type":"ListItem","position":2,"name":"Events"}]},{"@type":"WebSite","@id":"https:\/\/certified-senders.org\/de\/#website","url":"https:\/\/certified-senders.org\/de\/","name":"Certified Senders Alliance","description":"Certified Senders Alliance","potentialAction":[{"@type":"SearchAction","target":{"@type":"EntryPoint","urlTemplate":"https:\/\/certified-senders.org\/de\/?s={search_term_string}"},"query-input":"required name=search_term_string"}],"inLanguage":"de"}]}},"_links":{"self":[{"href":"https:\/\/certified-senders.org\/de\/wp-json\/wp\/v2\/pages\/733"}],"collection":[{"href":"https:\/\/certified-senders.org\/de\/wp-json\/wp\/v2\/pages"}],"about":[{"href":"https:\/\/certified-senders.org\/de\/wp-json\/wp\/v2\/types\/page"}],"author":[{"embeddable":true,"href":"https:\/\/certified-senders.org\/de\/wp-json\/wp\/v2\/users\/2"}],"replies":[{"embeddable":true,"href":"https:\/\/certified-senders.org\/de\/wp-json\/wp\/v2\/comments?post=733"}],"version-history":[{"count":9,"href":"https:\/\/certified-senders.org\/de\/wp-json\/wp\/v2\/pages\/733\/revisions"}],"predecessor-version":[{"id":2375,"href":"https:\/\/certified-senders.org\/de\/wp-json\/wp\/v2\/pages\/733\/revisions\/2375"}],"wp:attachment":[{"href":"https:\/\/certified-senders.org\/de\/wp-json\/wp\/v2\/media?parent=733"}],"curies":[{"name":"wp","href":"https:\/\/api.w.org\/{rel}","templated":true}]}}