{"id":9463,"date":"2025-01-14T15:15:36","date_gmt":"2025-01-14T15:15:36","guid":{"rendered":"https:\/\/certified-senders.org\/?page_id=9463"},"modified":"2026-01-23T14:16:17","modified_gmt":"2026-01-23T14:16:17","slug":"supporter","status":"publish","type":"page","link":"https:\/\/certified-senders.org\/de\/supporter\/","title":{"rendered":"Supporter"},"content":{"rendered":"<div id=\"pl-9463\"  class=\"panel-layout\" ><div id=\"pg-9463-0\"  class=\"panel-grid panel-no-style\" ><div id=\"pgc-9463-0-0\"  class=\"panel-grid-cell\" ><div id=\"panel-9463-0-0-0\" class=\"so-panel widget widget_sow-image panel-first-child panel-last-child\" data-index=\"0\" ><div\n\t\t\t\n\t\t\tclass=\"so-widget-sow-image so-widget-sow-image-default-c67d20f9f743-9463\"\n\t\t\t\n\t\t>\n\n<div class=\"sow-image-container\">\n\t\t<img loading=\"lazy\" decoding=\"async\" src=\"https:\/\/certified-senders.org\/wp-content\/uploads\/2025\/01\/thank-you.png\" width=\"1140\" height=\"400\" srcset=\"https:\/\/certified-senders.org\/wp-content\/uploads\/2025\/01\/thank-you.png 1140w, https:\/\/certified-senders.org\/wp-content\/uploads\/2025\/01\/thank-you-300x105.png 300w, https:\/\/certified-senders.org\/wp-content\/uploads\/2025\/01\/thank-you-1024x359.png 1024w, https:\/\/certified-senders.org\/wp-content\/uploads\/2025\/01\/thank-you-768x269.png 768w\" sizes=\"(max-width: 1140px) 100vw, 1140px\" title=\"thank you\" alt=\"\" \t\tclass=\"so-widget-image\"\/>\n\t<\/div>\n\n<\/div><\/div><\/div><\/div><div id=\"pg-9463-1\"  class=\"panel-grid panel-has-style\" ><div class=\"panel-row-style panel-row-style-for-9463-1\" ><div id=\"pgc-9463-1-0\"  class=\"panel-grid-cell\" ><div id=\"panel-9463-1-0-0\" class=\"so-panel widget widget_sow-headline panel-first-child\" data-index=\"1\" ><div\n\t\t\t\n\t\t\tclass=\"so-widget-sow-headline so-widget-sow-headline-default-9f0ccadd6d1d-9463\"\n\t\t\t\n\t\t><div class=\"sow-headline-container \">\n\t\t\t\t\t\t\t<h1 class=\"sow-headline\">\n\t\t\t\t\t\tCSA SUPPORTERS 2026\t\t\t\t\t\t<\/h1>\n\t\t\t\t\t\t<\/div>\n<\/div><\/div><div id=\"panel-9463-1-0-1\" class=\"so-panel widget widget_sow-editor panel-last-child\" data-index=\"2\" ><div\n\t\t\t\n\t\t\tclass=\"so-widget-sow-editor so-widget-sow-editor-base\"\n\t\t\t\n\t\t>\n<div class=\"siteorigin-widget-tinymce textwidget\">\n\t<p>&nbsp;<\/p>\n<p style=\"text-align: center;\">Die Certified Senders Alliance (CSA) wird von f\u00fchrenden Unternehmen unterst\u00fctzt, die sich f\u00fcr die Verbesserung des E-Mail-\u00d6kosystems einsetzen. Unsere Supporter erg\u00e4nzen das CSA-Angebot durch die Bereitstellung ihrer Tools oder Dienstleistungen. Klicken Sie auf die Logos unserer Supporter, um mehr \u00fcber deren Angebote zu erfahren und deren Tools zur Optimierung Ihrer E-Mail-Performance zu nutzen.<\/p>\n<\/div>\n<\/div><\/div><\/div><\/div><\/div><div id=\"pg-9463-2\"  class=\"panel-grid panel-no-style\" ><div id=\"pgc-9463-2-0\"  class=\"panel-grid-cell\" ><div id=\"panel-9463-2-0-0\" class=\"so-panel widget widget_sow-image-grid panel-first-child panel-last-child\" data-index=\"3\" ><div\n\t\t\t\n\t\t\tclass=\"so-widget-sow-image-grid so-widget-sow-image-grid-default-3e17504eee21-9463\"\n\t\t\t\n\t\t>\t<div\n\t\tclass=\"sow-image-grid-wrapper\"\n\t\tdata-max-width=\"170\"\t\t\t>\n\t\t\t\t\t<div class=\"sow-image-grid-image\">\n\t\t\t\t\t\t\t\t\t\t\t\t\t<a href=\"https:\/\/certified-senders.org\/supporters\/dmarc-advisor\/\"\n\t\t\t\t\t>\n\t\t\t\t\t\t\t\t<img loading=\"lazy\" decoding=\"async\" width=\"400\" height=\"122\" src=\"https:\/\/certified-senders.org\/wp-content\/uploads\/2024\/12\/dmarc-advisor.png\" class=\"sow-image-grid-image_html\" alt=\"\" title=\"DMARC Advisor\" srcset=\"https:\/\/certified-senders.org\/wp-content\/uploads\/2024\/12\/dmarc-advisor.png 400w, https:\/\/certified-senders.org\/wp-content\/uploads\/2024\/12\/dmarc-advisor-300x92.png 300w\" sizes=\"(max-width: 400px) 100vw, 400px\" \/>\t\t\t\t\t\t\t\t\t<\/a>\n\t\t\t\t\t\t\t\t\t\t\t<\/div>\n\t\t\t\t\t<div class=\"sow-image-grid-image\">\n\t\t\t\t\t\t\t\t\t\t\t\t\t<a href=\"https:\/\/certified-senders.org\/supporters\/dmarcian\/\"\n\t\t\t\t\t>\n\t\t\t\t\t\t\t\t<img loading=\"lazy\" decoding=\"async\" width=\"758\" height=\"133\" src=\"https:\/\/certified-senders.org\/wp-content\/uploads\/2022\/02\/logo-dmarcian-green-web-lg.jpg\" class=\"sow-image-grid-image_html\" alt=\"\" title=\"dmarcian\" srcset=\"https:\/\/certified-senders.org\/wp-content\/uploads\/2022\/02\/logo-dmarcian-green-web-lg.jpg 758w, https:\/\/certified-senders.org\/wp-content\/uploads\/2022\/02\/logo-dmarcian-green-web-lg-300x53.jpg 300w\" sizes=\"(max-width: 758px) 100vw, 758px\" \/>\t\t\t\t\t\t\t\t\t<\/a>\n\t\t\t\t\t\t\t\t\t\t\t<\/div>\n\t\t\t\t\t<div class=\"sow-image-grid-image\">\n\t\t\t\t\t\t\t\t\t\t\t\t\t<a href=\"https:\/\/certified-senders.org\/supporters\/halon\/\"\n\t\t\t\t\t>\n\t\t\t\t\t\t\t\t<img loading=\"lazy\" decoding=\"async\" width=\"2666\" height=\"700\" src=\"https:\/\/certified-senders.org\/wp-content\/uploads\/2022\/07\/halon_logo_black.png\" class=\"sow-image-grid-image_html\" alt=\"\" title=\"halon\" srcset=\"https:\/\/certified-senders.org\/wp-content\/uploads\/2022\/07\/halon_logo_black.png 2666w, https:\/\/certified-senders.org\/wp-content\/uploads\/2022\/07\/halon_logo_black-300x79.png 300w, https:\/\/certified-senders.org\/wp-content\/uploads\/2022\/07\/halon_logo_black-1024x269.png 1024w, https:\/\/certified-senders.org\/wp-content\/uploads\/2022\/07\/halon_logo_black-768x202.png 768w, https:\/\/certified-senders.org\/wp-content\/uploads\/2022\/07\/halon_logo_black-1536x403.png 1536w, https:\/\/certified-senders.org\/wp-content\/uploads\/2022\/07\/halon_logo_black-2048x538.png 2048w\" sizes=\"(max-width: 2666px) 100vw, 2666px\" \/>\t\t\t\t\t\t\t\t\t<\/a>\n\t\t\t\t\t\t\t\t\t\t\t<\/div>\n\t\t\t\t\t<div class=\"sow-image-grid-image\">\n\t\t\t\t\t\t\t\t\t\t\t\t\t<a href=\"https:\/\/certified-senders.org\/supporters\/nameshield\/\"\n\t\t\t\t\t>\n\t\t\t\t\t\t\t\t<img loading=\"lazy\" decoding=\"async\" width=\"3749\" height=\"779\" src=\"https:\/\/certified-senders.org\/wp-content\/uploads\/2026\/01\/Logo_Nameshield_original.png\" class=\"sow-image-grid-image_html\" alt=\"\" title=\"nameshield\" srcset=\"https:\/\/certified-senders.org\/wp-content\/uploads\/2026\/01\/Logo_Nameshield_original.png 3749w, https:\/\/certified-senders.org\/wp-content\/uploads\/2026\/01\/Logo_Nameshield_original-300x62.png 300w, https:\/\/certified-senders.org\/wp-content\/uploads\/2026\/01\/Logo_Nameshield_original-1024x213.png 1024w, https:\/\/certified-senders.org\/wp-content\/uploads\/2026\/01\/Logo_Nameshield_original-768x160.png 768w, https:\/\/certified-senders.org\/wp-content\/uploads\/2026\/01\/Logo_Nameshield_original-1536x319.png 1536w, https:\/\/certified-senders.org\/wp-content\/uploads\/2026\/01\/Logo_Nameshield_original-2048x426.png 2048w\" sizes=\"(max-width: 3749px) 100vw, 3749px\" \/>\t\t\t\t\t\t\t\t\t<\/a>\n\t\t\t\t\t\t\t\t\t\t\t<\/div>\n\t\t\t\t\t<div class=\"sow-image-grid-image\">\n\t\t\t\t\t\t\t\t\t\t\t\t\t<a href=\"https:\/\/certified-senders.org\/supporters\/spamhaus\/\"\n\t\t\t\t\t>\n\t\t\t\t\t\t\t\t<img loading=\"lazy\" decoding=\"async\" width=\"1367\" height=\"713\" src=\"https:\/\/certified-senders.org\/wp-content\/uploads\/2024\/12\/logo_spamhaus_only_stacked_RGB_Blue.png\" class=\"sow-image-grid-image_html\" alt=\"\" title=\"Spamhaus\" srcset=\"https:\/\/certified-senders.org\/wp-content\/uploads\/2024\/12\/logo_spamhaus_only_stacked_RGB_Blue.png 1367w, https:\/\/certified-senders.org\/wp-content\/uploads\/2024\/12\/logo_spamhaus_only_stacked_RGB_Blue-300x156.png 300w, https:\/\/certified-senders.org\/wp-content\/uploads\/2024\/12\/logo_spamhaus_only_stacked_RGB_Blue-1024x534.png 1024w, https:\/\/certified-senders.org\/wp-content\/uploads\/2024\/12\/logo_spamhaus_only_stacked_RGB_Blue-768x401.png 768w\" sizes=\"(max-width: 1367px) 100vw, 1367px\" \/>\t\t\t\t\t\t\t\t\t<\/a>\n\t\t\t\t\t\t\t\t\t\t\t<\/div>\n\t\t\t<\/div>\n<\/div><\/div><\/div><\/div><div id=\"pg-9463-3\"  class=\"panel-grid panel-no-style\" ><div id=\"pgc-9463-3-0\"  class=\"panel-grid-cell\" ><div id=\"panel-9463-3-0-0\" class=\"so-panel widget widget_sow-editor panel-first-child\" data-index=\"4\" ><div\n\t\t\t\n\t\t\tclass=\"so-widget-sow-editor so-widget-sow-editor-base\"\n\t\t\t\n\t\t>\n<div class=\"siteorigin-widget-tinymce textwidget\">\n\t<\/div>\n<\/div><\/div><div id=\"panel-9463-3-0-1\" class=\"so-panel widget widget_sow-editor\" data-index=\"5\" ><div\n\t\t\t\n\t\t\tclass=\"so-widget-sow-editor so-widget-sow-editor-base\"\n\t\t\t\n\t\t>\n<div class=\"siteorigin-widget-tinymce textwidget\">\n\t<\/div>\n<\/div><\/div><div id=\"panel-9463-3-0-2\" class=\"so-panel widget widget_sow-editor panel-last-child\" data-index=\"6\" ><div\n\t\t\t\n\t\t\tclass=\"so-widget-sow-editor so-widget-sow-editor-base\"\n\t\t\t\n\t\t>\n<div class=\"siteorigin-widget-tinymce textwidget\">\n\t<\/div>\n<\/div><\/div><\/div><\/div><\/div>","protected":false},"excerpt":{"rendered":"<p>&nbsp; Die Certified Senders Alliance (CSA) wird von f\u00fchrenden Unternehmen unterst\u00fctzt, die sich f\u00fcr die Verbesserung des E-Mail-\u00d6kosystems einsetzen. Unsere Supporter erg\u00e4nzen das CSA-Angebot durch [&hellip;]<\/p>\n","protected":false},"author":4,"featured_media":0,"parent":0,"menu_order":0,"comment_status":"closed","ping_status":"closed","template":"full-width.php","meta":{"footnotes":""},"yoast_head":"<!-- This site is optimized with the Yoast SEO plugin v23.0 - https:\/\/yoast.com\/wordpress\/plugins\/seo\/ -->\n<title>Supporter - Certified Senders Alliance<\/title>\n<meta name=\"robots\" content=\"index, follow, max-snippet:-1, max-image-preview:large, max-video-preview:-1\" \/>\n<link rel=\"canonical\" href=\"https:\/\/certified-senders.org\/de\/supporter\/\" \/>\n<meta property=\"og:locale\" content=\"de_DE\" \/>\n<meta property=\"og:type\" content=\"article\" \/>\n<meta property=\"og:title\" content=\"Supporter - Certified Senders Alliance\" \/>\n<meta property=\"og:description\" content=\"&nbsp; Die Certified Senders Alliance (CSA) wird von f\u00fchrenden Unternehmen unterst\u00fctzt, die sich f\u00fcr die Verbesserung des E-Mail-\u00d6kosystems einsetzen. Unsere Supporter erg\u00e4nzen das CSA-Angebot durch [&hellip;]\" \/>\n<meta property=\"og:url\" content=\"https:\/\/certified-senders.org\/de\/supporter\/\" \/>\n<meta property=\"og:site_name\" content=\"Certified Senders Alliance\" \/>\n<meta property=\"article:modified_time\" content=\"2026-01-23T14:16:17+00:00\" \/>\n<meta name=\"twitter:card\" content=\"summary_large_image\" \/>\n<meta name=\"twitter:label1\" content=\"Gesch\u00e4tzte Lesezeit\" \/>\n\t<meta name=\"twitter:data1\" content=\"2\u00a0Minuten\" \/>\n<script type=\"application\/ld+json\" class=\"yoast-schema-graph\">{\"@context\":\"https:\/\/schema.org\",\"@graph\":[{\"@type\":\"WebPage\",\"@id\":\"https:\/\/certified-senders.org\/de\/supporter\/\",\"url\":\"https:\/\/certified-senders.org\/de\/supporter\/\",\"name\":\"Supporter - Certified Senders Alliance\",\"isPartOf\":{\"@id\":\"https:\/\/certified-senders.org\/de\/#website\"},\"datePublished\":\"2025-01-14T15:15:36+00:00\",\"dateModified\":\"2026-01-23T14:16:17+00:00\",\"breadcrumb\":{\"@id\":\"https:\/\/certified-senders.org\/de\/supporter\/#breadcrumb\"},\"inLanguage\":\"de\",\"potentialAction\":[{\"@type\":\"ReadAction\",\"target\":[\"https:\/\/certified-senders.org\/de\/supporter\/\"]}]},{\"@type\":\"BreadcrumbList\",\"@id\":\"https:\/\/certified-senders.org\/de\/supporter\/#breadcrumb\",\"itemListElement\":[{\"@type\":\"ListItem\",\"position\":1,\"name\":\"Home\",\"item\":\"https:\/\/certified-senders.org\/de\/\"},{\"@type\":\"ListItem\",\"position\":2,\"name\":\"Supporter\"}]},{\"@type\":\"WebSite\",\"@id\":\"https:\/\/certified-senders.org\/de\/#website\",\"url\":\"https:\/\/certified-senders.org\/de\/\",\"name\":\"Certified Senders Alliance\",\"description\":\"Certified Senders Alliance\",\"potentialAction\":[{\"@type\":\"SearchAction\",\"target\":{\"@type\":\"EntryPoint\",\"urlTemplate\":\"https:\/\/certified-senders.org\/de\/?s={search_term_string}\"},\"query-input\":\"required name=search_term_string\"}],\"inLanguage\":\"de\"}]}<\/script>\n<!-- \/ Yoast SEO plugin. -->","yoast_head_json":{"title":"Supporter - Certified Senders Alliance","robots":{"index":"index","follow":"follow","max-snippet":"max-snippet:-1","max-image-preview":"max-image-preview:large","max-video-preview":"max-video-preview:-1"},"canonical":"https:\/\/certified-senders.org\/de\/supporter\/","og_locale":"de_DE","og_type":"article","og_title":"Supporter - Certified Senders Alliance","og_description":"&nbsp; Die Certified Senders Alliance (CSA) wird von f\u00fchrenden Unternehmen unterst\u00fctzt, die sich f\u00fcr die Verbesserung des E-Mail-\u00d6kosystems einsetzen. Unsere Supporter erg\u00e4nzen das CSA-Angebot durch [&hellip;]","og_url":"https:\/\/certified-senders.org\/de\/supporter\/","og_site_name":"Certified Senders Alliance","article_modified_time":"2026-01-23T14:16:17+00:00","twitter_card":"summary_large_image","twitter_misc":{"Gesch\u00e4tzte Lesezeit":"2\u00a0Minuten"},"schema":{"@context":"https:\/\/schema.org","@graph":[{"@type":"WebPage","@id":"https:\/\/certified-senders.org\/de\/supporter\/","url":"https:\/\/certified-senders.org\/de\/supporter\/","name":"Supporter - Certified Senders Alliance","isPartOf":{"@id":"https:\/\/certified-senders.org\/de\/#website"},"datePublished":"2025-01-14T15:15:36+00:00","dateModified":"2026-01-23T14:16:17+00:00","breadcrumb":{"@id":"https:\/\/certified-senders.org\/de\/supporter\/#breadcrumb"},"inLanguage":"de","potentialAction":[{"@type":"ReadAction","target":["https:\/\/certified-senders.org\/de\/supporter\/"]}]},{"@type":"BreadcrumbList","@id":"https:\/\/certified-senders.org\/de\/supporter\/#breadcrumb","itemListElement":[{"@type":"ListItem","position":1,"name":"Home","item":"https:\/\/certified-senders.org\/de\/"},{"@type":"ListItem","position":2,"name":"Supporter"}]},{"@type":"WebSite","@id":"https:\/\/certified-senders.org\/de\/#website","url":"https:\/\/certified-senders.org\/de\/","name":"Certified Senders Alliance","description":"Certified Senders Alliance","potentialAction":[{"@type":"SearchAction","target":{"@type":"EntryPoint","urlTemplate":"https:\/\/certified-senders.org\/de\/?s={search_term_string}"},"query-input":"required name=search_term_string"}],"inLanguage":"de"}]}},"_links":{"self":[{"href":"https:\/\/certified-senders.org\/de\/wp-json\/wp\/v2\/pages\/9463"}],"collection":[{"href":"https:\/\/certified-senders.org\/de\/wp-json\/wp\/v2\/pages"}],"about":[{"href":"https:\/\/certified-senders.org\/de\/wp-json\/wp\/v2\/types\/page"}],"author":[{"embeddable":true,"href":"https:\/\/certified-senders.org\/de\/wp-json\/wp\/v2\/users\/4"}],"replies":[{"embeddable":true,"href":"https:\/\/certified-senders.org\/de\/wp-json\/wp\/v2\/comments?post=9463"}],"version-history":[{"count":6,"href":"https:\/\/certified-senders.org\/de\/wp-json\/wp\/v2\/pages\/9463\/revisions"}],"predecessor-version":[{"id":9919,"href":"https:\/\/certified-senders.org\/de\/wp-json\/wp\/v2\/pages\/9463\/revisions\/9919"}],"wp:attachment":[{"href":"https:\/\/certified-senders.org\/de\/wp-json\/wp\/v2\/media?parent=9463"}],"curies":[{"name":"wp","href":"https:\/\/api.w.org\/{rel}","templated":true}]}}